{"id":62,"date":"2015-01-10T12:55:04","date_gmt":"2015-01-10T12:55:04","guid":{"rendered":"http:\/\/www.rouillier.com\/fiduc\/?page_id=47"},"modified":"2024-04-10T11:28:28","modified_gmt":"2024-04-10T10:28:28","slug":"notre-adn","status":"publish","type":"page","link":"https:\/\/www.boudet-audit.com\/boudet\/expert-comptable-commissaire-aux-comptes-94-93-75-paris-vincennes-2\/notre-adn\/","title":{"rendered":"Notre ADN"},"content":{"rendered":"<p style=\"text-align: justify;\"><span class=\"azur\"><img loading=\"lazy\" decoding=\"async\" class=\"alignleft  wp-image-4571\" src=\"https:\/\/www.boudet-audit.com\/boudet\/wp-content\/uploads\/2024\/04\/Graphe_Repartition-de-nos-clients-Cabinet-ADN.jpeg-2.jpg\" alt=\"\" width=\"441\" height=\"342\" srcset=\"https:\/\/www.boudet-audit.com\/boudet\/wp-content\/uploads\/2024\/04\/Graphe_Repartition-de-nos-clients-Cabinet-ADN.jpeg-2.jpg 1135w, https:\/\/www.boudet-audit.com\/boudet\/wp-content\/uploads\/2024\/04\/Graphe_Repartition-de-nos-clients-Cabinet-ADN.jpeg-2-300x232.jpg 300w, https:\/\/www.boudet-audit.com\/boudet\/wp-content\/uploads\/2024\/04\/Graphe_Repartition-de-nos-clients-Cabinet-ADN.jpeg-2-1024x793.jpg 1024w, https:\/\/www.boudet-audit.com\/boudet\/wp-content\/uploads\/2024\/04\/Graphe_Repartition-de-nos-clients-Cabinet-ADN.jpeg-2-768x595.jpg 768w\" sizes=\"auto, (max-width: 441px) 100vw, 441px\" \/> Nos clients : <\/span><strong>PME\/<\/strong><strong>Groupes<\/strong> en audit, <strong>TPE\/PME<\/strong> en expertise comptable, tous secteurs industriels et de services.<br \/>\n70% de notre activit\u00e9 est r\u00e9alis\u00e9 avec des clients dont le C.A. d\u00e9passe 1 Million \u20ac. Et 20% de nos missions est effectu\u00e9 aupr\u00e8s de clients dont le C.A. exc\u00e8de 10 Millions \u20ac.<\/p>\n<p style=\"text-align: justify;\"><span class=\"azur\">Notre volont\u00e9\u00a0:<\/span> vous accompagner dans vos projets et vous proposer <strong>une offre personnalis\u00e9e<\/strong>.<\/p>\n<p style=\"text-align: justify;\"><span class=\"azur\">Nos moyens\u00a0:<\/span> une \u00e9quipe de <strong>haut niveau<\/strong>, bien form\u00e9e et motiv\u00e9e pour vous conseiller. L\u2019associ\u00e9 signataire est directement impliqu\u00e9 sur votre dossier pour vous apporter son savoir-faire et son exp\u00e9rience.<br \/>\nPour ce faire, il suit tous les ans des formations continues d\u00e9passant largement le quota d\u2019heures exig\u00e9 par l\u2019Ordre professionnel (200 heures au lieu de 120 heures sur 3 ann\u00e9es glissantes).<\/p>\n<p style=\"text-align: justify;\"><span class=\"azur\">Nos valeurs\u00a0: <\/span><strong>r\u00e9activit\u00e9<\/strong>, disponibilit\u00e9, proximit\u00e9, qualit\u00e9, efficacit\u00e9, <strong>implication<\/strong>, capacit\u00e9 \u00e0 trouver des solutions pragmatiques et adapt\u00e9es aux clients.<\/p>\n<p style=\"text-align: justify;\"><span class=\"azur\">Notre p\u00e9rim\u00e8tre d\u2019action\u00a0:<\/span> national. Nos clients se trouvent aussi bien en Ile-de-France qu\u2019en Province.<\/p>\n<div class=\"pdfprnt-buttons pdfprnt-buttons-page pdfprnt-bottom-right\"><a href=\"https:\/\/www.boudet-audit.com\/boudet\/wp-json\/wp\/v2\/pages\/62?print=pdf\" class=\"pdfprnt-button pdfprnt-button-pdf\" target=\"_blank\" ><img decoding=\"async\" src=\"http:\/\/www.boudet-audit.com\/boudet\/wp-content\/plugins\/pdf-print\/images\/pdf.png\" alt=\"image_pdf\" title=\"Afficher le PDF\" \/><\/a><a href=\"https:\/\/www.boudet-audit.com\/boudet\/wp-json\/wp\/v2\/pages\/62?print=print\" class=\"pdfprnt-button pdfprnt-button-print\" target=\"_blank\" ><img decoding=\"async\" src=\"http:\/\/www.boudet-audit.com\/boudet\/wp-content\/plugins\/pdf-print\/images\/print.png\" alt=\"image_print\" title=\"Contenu imprim\u00e9\" \/><\/a><\/div>","protected":false},"excerpt":{"rendered":"<p>Nos clients : PME\/Groupes en audit, TPE\/PME en expertise comptable, tous secteurs industriels et de services. 70% de notre activit\u00e9 est r\u00e9alis\u00e9 avec des clients dont le C.A. d\u00e9passe 1 Million \u20ac. Et 20% de nos missions est effectu\u00e9 aupr\u00e8s de clients dont le C.A. exc\u00e8de 10 Millions \u20ac. Notre volont\u00e9\u00a0: vous accompagner dans vos&hellip;<\/p>\n","protected":false},"author":1,"featured_media":0,"parent":60,"menu_order":20,"comment_status":"closed","ping_status":"closed","template":"","meta":{"footnotes":""},"class_list":["post-62","page","type-page","status-publish","hentry","entry","no-media"],"yoast_head":"<!-- This site is optimized with the Yoast SEO plugin v27.4 - https:\/\/yoast.com\/product\/yoast-seo-wordpress\/ -->\n<title>Notre ADN - BOUDET &amp; ASSOCI\u00c9S - FIDUC EXPERTS<\/title>\n<meta name=\"description\" content=\"Nos clients sont les PME &amp; TPE - Accompagnement sur-mesure par une \u00e9quipe d&#039;experts de haut niveau - Nos valeurs : r\u00e9activit\u00e9, disponibilit\u00e9, implication.\" \/>\n<meta name=\"robots\" content=\"index, follow, max-snippet:-1, max-image-preview:large, max-video-preview:-1\" \/>\n<link rel=\"canonical\" href=\"https:\/\/www.boudet-audit.com\/boudet\/expert-comptable-commissaire-aux-comptes-94-93-75-paris-vincennes-2\/notre-adn\/\" \/>\n<meta property=\"og:locale\" content=\"fr_FR\" \/>\n<meta property=\"og:type\" content=\"article\" \/>\n<meta property=\"og:title\" content=\"Notre ADN - BOUDET &amp; ASSOCI\u00c9S - FIDUC EXPERTS\" \/>\n<meta property=\"og:description\" content=\"Nos clients sont les PME &amp; TPE - Accompagnement sur-mesure par une \u00e9quipe d&#039;experts de haut niveau - Nos valeurs : r\u00e9activit\u00e9, disponibilit\u00e9, implication.\" \/>\n<meta property=\"og:url\" content=\"https:\/\/www.boudet-audit.com\/boudet\/expert-comptable-commissaire-aux-comptes-94-93-75-paris-vincennes-2\/notre-adn\/\" \/>\n<meta property=\"og:site_name\" content=\"BOUDET &amp; ASSOCI\u00c9S - FIDUC EXPERTS\" \/>\n<meta property=\"article:modified_time\" content=\"2024-04-10T10:28:28+00:00\" \/>\n<meta property=\"og:image\" content=\"https:\/\/www.boudet-audit.com\/boudet\/wp-content\/uploads\/2024\/04\/Graphe_Repartition-de-nos-clients-Cabinet-ADN.jpeg-2.jpg\" \/>\n<meta name=\"twitter:card\" content=\"summary_large_image\" \/>\n<meta name=\"twitter:label1\" content=\"Dur\u00e9e de lecture estim\u00e9e\" \/>\n\t<meta name=\"twitter:data1\" content=\"1 minute\" \/>\n<script type=\"application\/ld+json\" class=\"yoast-schema-graph\">{\"@context\":\"https:\\\/\\\/schema.org\",\"@graph\":[{\"@type\":\"WebPage\",\"@id\":\"https:\\\/\\\/www.boudet-audit.com\\\/boudet\\\/expert-comptable-commissaire-aux-comptes-94-93-75-paris-vincennes-2\\\/notre-adn\\\/\",\"url\":\"https:\\\/\\\/www.boudet-audit.com\\\/boudet\\\/expert-comptable-commissaire-aux-comptes-94-93-75-paris-vincennes-2\\\/notre-adn\\\/\",\"name\":\"Notre ADN - BOUDET &amp; ASSOCI\u00c9S - FIDUC EXPERTS\",\"isPartOf\":{\"@id\":\"https:\\\/\\\/www.boudet-audit.com\\\/boudet\\\/#website\"},\"primaryImageOfPage\":{\"@id\":\"https:\\\/\\\/www.boudet-audit.com\\\/boudet\\\/expert-comptable-commissaire-aux-comptes-94-93-75-paris-vincennes-2\\\/notre-adn\\\/#primaryimage\"},\"image\":{\"@id\":\"https:\\\/\\\/www.boudet-audit.com\\\/boudet\\\/expert-comptable-commissaire-aux-comptes-94-93-75-paris-vincennes-2\\\/notre-adn\\\/#primaryimage\"},\"thumbnailUrl\":\"https:\\\/\\\/www.boudet-audit.com\\\/boudet\\\/wp-content\\\/uploads\\\/2024\\\/04\\\/Graphe_Repartition-de-nos-clients-Cabinet-ADN.jpeg-2.jpg\",\"datePublished\":\"2015-01-10T12:55:04+00:00\",\"dateModified\":\"2024-04-10T10:28:28+00:00\",\"description\":\"Nos clients sont les PME & TPE - Accompagnement sur-mesure par une \u00e9quipe d'experts de haut niveau - Nos valeurs : r\u00e9activit\u00e9, disponibilit\u00e9, implication.\",\"breadcrumb\":{\"@id\":\"https:\\\/\\\/www.boudet-audit.com\\\/boudet\\\/expert-comptable-commissaire-aux-comptes-94-93-75-paris-vincennes-2\\\/notre-adn\\\/#breadcrumb\"},\"inLanguage\":\"fr-FR\",\"potentialAction\":[{\"@type\":\"ReadAction\",\"target\":[\"https:\\\/\\\/www.boudet-audit.com\\\/boudet\\\/expert-comptable-commissaire-aux-comptes-94-93-75-paris-vincennes-2\\\/notre-adn\\\/\"]}]},{\"@type\":\"ImageObject\",\"inLanguage\":\"fr-FR\",\"@id\":\"https:\\\/\\\/www.boudet-audit.com\\\/boudet\\\/expert-comptable-commissaire-aux-comptes-94-93-75-paris-vincennes-2\\\/notre-adn\\\/#primaryimage\",\"url\":\"https:\\\/\\\/www.boudet-audit.com\\\/boudet\\\/wp-content\\\/uploads\\\/2024\\\/04\\\/Graphe_Repartition-de-nos-clients-Cabinet-ADN.jpeg-2.jpg\",\"contentUrl\":\"https:\\\/\\\/www.boudet-audit.com\\\/boudet\\\/wp-content\\\/uploads\\\/2024\\\/04\\\/Graphe_Repartition-de-nos-clients-Cabinet-ADN.jpeg-2.jpg\",\"width\":1135,\"height\":879},{\"@type\":\"BreadcrumbList\",\"@id\":\"https:\\\/\\\/www.boudet-audit.com\\\/boudet\\\/expert-comptable-commissaire-aux-comptes-94-93-75-paris-vincennes-2\\\/notre-adn\\\/#breadcrumb\",\"itemListElement\":[{\"@type\":\"ListItem\",\"position\":1,\"name\":\"Accueil\",\"item\":\"https:\\\/\\\/www.boudet-audit.com\\\/boudet\\\/\"},{\"@type\":\"ListItem\",\"position\":2,\"name\":\"LE CABINET\",\"item\":\"https:\\\/\\\/www.boudet-audit.com\\\/boudet\\\/expert-comptable-commissaire-aux-comptes-94-93-75-paris-vincennes-2\\\/\"},{\"@type\":\"ListItem\",\"position\":3,\"name\":\"Notre ADN\"}]},{\"@type\":\"WebSite\",\"@id\":\"https:\\\/\\\/www.boudet-audit.com\\\/boudet\\\/#website\",\"url\":\"https:\\\/\\\/www.boudet-audit.com\\\/boudet\\\/\",\"name\":\"BOUDET &amp; ASSOCI\u00c9S - FIDUC EXPERTS\",\"description\":\"Commissariat aux comptes &amp; Expertise comptable\",\"publisher\":{\"@id\":\"https:\\\/\\\/www.boudet-audit.com\\\/boudet\\\/#organization\"},\"potentialAction\":[{\"@type\":\"SearchAction\",\"target\":{\"@type\":\"EntryPoint\",\"urlTemplate\":\"https:\\\/\\\/www.boudet-audit.com\\\/boudet\\\/?s={search_term_string}\"},\"query-input\":{\"@type\":\"PropertyValueSpecification\",\"valueRequired\":true,\"valueName\":\"search_term_string\"}}],\"inLanguage\":\"fr-FR\"},{\"@type\":\"Organization\",\"@id\":\"https:\\\/\\\/www.boudet-audit.com\\\/boudet\\\/#organization\",\"name\":\"BOUDET & ASSOCIES - FIDUC EXPERTS\",\"url\":\"https:\\\/\\\/www.boudet-audit.com\\\/boudet\\\/\",\"logo\":{\"@type\":\"ImageObject\",\"inLanguage\":\"fr-FR\",\"@id\":\"https:\\\/\\\/www.boudet-audit.com\\\/boudet\\\/#\\\/schema\\\/logo\\\/image\\\/\",\"url\":\"https:\\\/\\\/www.boudet-audit.com\\\/boudet\\\/wp-content\\\/uploads\\\/2021\\\/01\\\/logo1.jpg\",\"contentUrl\":\"https:\\\/\\\/www.boudet-audit.com\\\/boudet\\\/wp-content\\\/uploads\\\/2021\\\/01\\\/logo1.jpg\",\"width\":800,\"height\":100,\"caption\":\"BOUDET & ASSOCIES - FIDUC EXPERTS\"},\"image\":{\"@id\":\"https:\\\/\\\/www.boudet-audit.com\\\/boudet\\\/#\\\/schema\\\/logo\\\/image\\\/\"}}]}<\/script>\n<!-- \/ Yoast SEO plugin. -->","yoast_head_json":{"title":"Notre ADN - BOUDET &amp; ASSOCI\u00c9S - FIDUC EXPERTS","description":"Nos clients sont les PME & TPE - Accompagnement sur-mesure par une \u00e9quipe d'experts de haut niveau - Nos valeurs : r\u00e9activit\u00e9, disponibilit\u00e9, implication.","robots":{"index":"index","follow":"follow","max-snippet":"max-snippet:-1","max-image-preview":"max-image-preview:large","max-video-preview":"max-video-preview:-1"},"canonical":"https:\/\/www.boudet-audit.com\/boudet\/expert-comptable-commissaire-aux-comptes-94-93-75-paris-vincennes-2\/notre-adn\/","og_locale":"fr_FR","og_type":"article","og_title":"Notre ADN - BOUDET &amp; ASSOCI\u00c9S - FIDUC EXPERTS","og_description":"Nos clients sont les PME & TPE - Accompagnement sur-mesure par une \u00e9quipe d'experts de haut niveau - Nos valeurs : r\u00e9activit\u00e9, disponibilit\u00e9, implication.","og_url":"https:\/\/www.boudet-audit.com\/boudet\/expert-comptable-commissaire-aux-comptes-94-93-75-paris-vincennes-2\/notre-adn\/","og_site_name":"BOUDET &amp; ASSOCI\u00c9S - FIDUC EXPERTS","article_modified_time":"2024-04-10T10:28:28+00:00","og_image":[{"url":"https:\/\/www.boudet-audit.com\/boudet\/wp-content\/uploads\/2024\/04\/Graphe_Repartition-de-nos-clients-Cabinet-ADN.jpeg-2.jpg","type":"","width":"","height":""}],"twitter_card":"summary_large_image","twitter_misc":{"Dur\u00e9e de lecture estim\u00e9e":"1 minute"},"schema":{"@context":"https:\/\/schema.org","@graph":[{"@type":"WebPage","@id":"https:\/\/www.boudet-audit.com\/boudet\/expert-comptable-commissaire-aux-comptes-94-93-75-paris-vincennes-2\/notre-adn\/","url":"https:\/\/www.boudet-audit.com\/boudet\/expert-comptable-commissaire-aux-comptes-94-93-75-paris-vincennes-2\/notre-adn\/","name":"Notre ADN - BOUDET &amp; ASSOCI\u00c9S - FIDUC EXPERTS","isPartOf":{"@id":"https:\/\/www.boudet-audit.com\/boudet\/#website"},"primaryImageOfPage":{"@id":"https:\/\/www.boudet-audit.com\/boudet\/expert-comptable-commissaire-aux-comptes-94-93-75-paris-vincennes-2\/notre-adn\/#primaryimage"},"image":{"@id":"https:\/\/www.boudet-audit.com\/boudet\/expert-comptable-commissaire-aux-comptes-94-93-75-paris-vincennes-2\/notre-adn\/#primaryimage"},"thumbnailUrl":"https:\/\/www.boudet-audit.com\/boudet\/wp-content\/uploads\/2024\/04\/Graphe_Repartition-de-nos-clients-Cabinet-ADN.jpeg-2.jpg","datePublished":"2015-01-10T12:55:04+00:00","dateModified":"2024-04-10T10:28:28+00:00","description":"Nos clients sont les PME & TPE - Accompagnement sur-mesure par une \u00e9quipe d'experts de haut niveau - Nos valeurs : r\u00e9activit\u00e9, disponibilit\u00e9, implication.","breadcrumb":{"@id":"https:\/\/www.boudet-audit.com\/boudet\/expert-comptable-commissaire-aux-comptes-94-93-75-paris-vincennes-2\/notre-adn\/#breadcrumb"},"inLanguage":"fr-FR","potentialAction":[{"@type":"ReadAction","target":["https:\/\/www.boudet-audit.com\/boudet\/expert-comptable-commissaire-aux-comptes-94-93-75-paris-vincennes-2\/notre-adn\/"]}]},{"@type":"ImageObject","inLanguage":"fr-FR","@id":"https:\/\/www.boudet-audit.com\/boudet\/expert-comptable-commissaire-aux-comptes-94-93-75-paris-vincennes-2\/notre-adn\/#primaryimage","url":"https:\/\/www.boudet-audit.com\/boudet\/wp-content\/uploads\/2024\/04\/Graphe_Repartition-de-nos-clients-Cabinet-ADN.jpeg-2.jpg","contentUrl":"https:\/\/www.boudet-audit.com\/boudet\/wp-content\/uploads\/2024\/04\/Graphe_Repartition-de-nos-clients-Cabinet-ADN.jpeg-2.jpg","width":1135,"height":879},{"@type":"BreadcrumbList","@id":"https:\/\/www.boudet-audit.com\/boudet\/expert-comptable-commissaire-aux-comptes-94-93-75-paris-vincennes-2\/notre-adn\/#breadcrumb","itemListElement":[{"@type":"ListItem","position":1,"name":"Accueil","item":"https:\/\/www.boudet-audit.com\/boudet\/"},{"@type":"ListItem","position":2,"name":"LE CABINET","item":"https:\/\/www.boudet-audit.com\/boudet\/expert-comptable-commissaire-aux-comptes-94-93-75-paris-vincennes-2\/"},{"@type":"ListItem","position":3,"name":"Notre ADN"}]},{"@type":"WebSite","@id":"https:\/\/www.boudet-audit.com\/boudet\/#website","url":"https:\/\/www.boudet-audit.com\/boudet\/","name":"BOUDET &amp; ASSOCI\u00c9S - FIDUC EXPERTS","description":"Commissariat aux comptes &amp; Expertise comptable","publisher":{"@id":"https:\/\/www.boudet-audit.com\/boudet\/#organization"},"potentialAction":[{"@type":"SearchAction","target":{"@type":"EntryPoint","urlTemplate":"https:\/\/www.boudet-audit.com\/boudet\/?s={search_term_string}"},"query-input":{"@type":"PropertyValueSpecification","valueRequired":true,"valueName":"search_term_string"}}],"inLanguage":"fr-FR"},{"@type":"Organization","@id":"https:\/\/www.boudet-audit.com\/boudet\/#organization","name":"BOUDET & ASSOCIES - FIDUC EXPERTS","url":"https:\/\/www.boudet-audit.com\/boudet\/","logo":{"@type":"ImageObject","inLanguage":"fr-FR","@id":"https:\/\/www.boudet-audit.com\/boudet\/#\/schema\/logo\/image\/","url":"https:\/\/www.boudet-audit.com\/boudet\/wp-content\/uploads\/2021\/01\/logo1.jpg","contentUrl":"https:\/\/www.boudet-audit.com\/boudet\/wp-content\/uploads\/2021\/01\/logo1.jpg","width":800,"height":100,"caption":"BOUDET & ASSOCIES - FIDUC EXPERTS"},"image":{"@id":"https:\/\/www.boudet-audit.com\/boudet\/#\/schema\/logo\/image\/"}}]}},"_links":{"self":[{"href":"https:\/\/www.boudet-audit.com\/boudet\/wp-json\/wp\/v2\/pages\/62","targetHints":{"allow":["GET"]}}],"collection":[{"href":"https:\/\/www.boudet-audit.com\/boudet\/wp-json\/wp\/v2\/pages"}],"about":[{"href":"https:\/\/www.boudet-audit.com\/boudet\/wp-json\/wp\/v2\/types\/page"}],"author":[{"embeddable":true,"href":"https:\/\/www.boudet-audit.com\/boudet\/wp-json\/wp\/v2\/users\/1"}],"replies":[{"embeddable":true,"href":"https:\/\/www.boudet-audit.com\/boudet\/wp-json\/wp\/v2\/comments?post=62"}],"version-history":[{"count":33,"href":"https:\/\/www.boudet-audit.com\/boudet\/wp-json\/wp\/v2\/pages\/62\/revisions"}],"predecessor-version":[{"id":4582,"href":"https:\/\/www.boudet-audit.com\/boudet\/wp-json\/wp\/v2\/pages\/62\/revisions\/4582"}],"up":[{"embeddable":true,"href":"https:\/\/www.boudet-audit.com\/boudet\/wp-json\/wp\/v2\/pages\/60"}],"wp:attachment":[{"href":"https:\/\/www.boudet-audit.com\/boudet\/wp-json\/wp\/v2\/media?parent=62"}],"curies":[{"name":"wp","href":"https:\/\/api.w.org\/{rel}","templated":true}]}}