{"id":704,"date":"2015-09-12T06:25:27","date_gmt":"2015-09-12T06:25:27","guid":{"rendered":"http:\/\/www.rouillier.com\/fiduc1\/?page_id=704"},"modified":"2024-04-11T18:01:54","modified_gmt":"2024-04-11T17:01:54","slug":"commissaire-aux-comptes-audit","status":"publish","type":"page","link":"https:\/\/www.boudet-audit.com\/boudet\/expert-comptable-commissaire-aux-comptes-94-93-75-paris-vincennes\/commissaire-aux-comptes-audit\/","title":{"rendered":"Audit et Commissariat aux comptes"},"content":{"rendered":"<p><span class=\"azur\"><img loading=\"lazy\" decoding=\"async\" class=\"wp-image-1020 alignright \" src=\"https:\/\/www.boudet-audit.com\/boudet\/wp-content\/uploads\/2015\/10\/boudet-593X360.png\" alt=\"boudet-593X360\" width=\"181\" height=\"128\" \/><\/span><\/p>\n<p class=\"slogan\"><em><span style=\"color: #e9a0e9;\"><span class=\"wpex-text-md\">Vecteur de confiance<\/span><br \/>\n<\/span><\/em><\/p>\n<hr \/>\n<p style=\"text-align: justify;\">Le cabinet <strong>BOUDET &amp; ASSOCIES<\/strong> est <strong>class\u00e9 parmi les 20% des Commissaires aux comptes les plus importants inscrits \u00e0 Paris <\/strong>(selon les statistiques \u00e9tablies en 2016 par la Compagnie R\u00e9gionale des Commissaires aux Comptes de Paris).<\/p>\n<p style=\"text-align: justify;\">L\u2019<strong>associ\u00e9 signataire est directement impliqu\u00e9 sur votre dossier<\/strong> pour vous apporter sa comp\u00e9tence et son exp\u00e9rience. Il s\u2019appuie sur une \u00e9quipe d\u00e9di\u00e9e.<\/p>\n<p style=\"text-align: justify;\"><span class=\"azur\">Commissariat aux comptes<\/span><\/p>\n<p style=\"text-align: justify;\">Vous recherchez un commissaire aux comptes alliant proximit\u00e9, valeur ajout\u00e9e et qualit\u00e9 ?<\/p>\n<p style=\"text-align: justify;\">Au-del\u00e0 de la certification de vos comptes qui rassurent les tiers clients-fournisseurs-banquiers-partenaires, nous vous \u00e9clairons par nos avis, sans interf\u00e9rer dans votre gestion.<\/p>\n<p style=\"text-align: justify;\">Nous vous <strong>alertons<\/strong> sur les risques \u00e9ventuels (d\u00e9faillance du contr\u00f4le interne, p\u00e9rennit\u00e9 de votre activit\u00e9\u2026).<\/p>\n<p style=\"text-align: justify;\">Nous vous apportons des <strong>recommandations<\/strong> li\u00e9es \u00e0 vos probl\u00e9matiques (pistes d\u2019am\u00e9lioration de votre organisation, pr\u00e9vention de probl\u00e8mes futurs\u2026).<\/p>\n<p>Nous vous assurons un audit de <strong>qualit\u00e9<\/strong> (attest\u00e9e en 2021 par l&rsquo;autorit\u00e9 ind\u00e9pendante de tutelle de notre profession).<\/p>\n<p style=\"text-align: justify;\"><span class=\"azur\">Audit dans le cadre d\u2019une restructuration, transformation, acquisition d\u2019entreprise<\/span><\/p>\n<p style=\"text-align: justify;\">Vous r\u00e9alisez une op\u00e9ration de cette nature\u00a0?<\/p>\n<p style=\"text-align: justify;\">Nous vous accompagnons sur l\u2019ensemble des missions\u00a0de\u00a0:<br \/>\n&#8211; commissariat aux apports<br \/>\n&#8211; commissariat \u00e0 la fusion<br \/>\n&#8211; commissariat \u00e0 la transformation<br \/>\n&#8211; commissariat aux avantages particuliers<br \/>\n&#8211; commissariat \u00e0 la v\u00e9rification de l&rsquo;actif et du passif<br \/>\n&#8211; audit d\u2019acquisition d\u2019entreprise<\/p>\n<p style=\"text-align: justify;\">Nos atouts\u00a0: l\u2019<strong>exp\u00e9rience<\/strong> et la <strong>comp\u00e9tence<\/strong> en la mati\u00e8re. <strong>30% de nos interventions en audit<\/strong> est effectu\u00e9 sur des op\u00e9rations de cette nature.<\/p>\n<p><span class=\"azur\">Attestation destin\u00e9e aux notaires et aux commissaires de justice<\/span><\/p>\n<p style=\"text-align: justify;\">Vous \u00eates notaire ou commissaire de justice et devez faire certifier la conformit\u00e9 de votre logiciel comptable ?<\/p>\n<p style=\"text-align: justify;\">Nous sommes habilit\u00e9s \u00e0 intervenir sur cette mission et \u00e0 vous d\u00e9livrer l&rsquo;attestation de conformit\u00e9 de votre logiciel de comptabilit\u00e9.<\/p>\n<div class=\"pdfprnt-buttons pdfprnt-buttons-page pdfprnt-bottom-right\"><a href=\"https:\/\/www.boudet-audit.com\/boudet\/wp-json\/wp\/v2\/pages\/704?print=pdf\" class=\"pdfprnt-button pdfprnt-button-pdf\" target=\"_blank\" ><img decoding=\"async\" src=\"http:\/\/www.boudet-audit.com\/boudet\/wp-content\/plugins\/pdf-print\/images\/pdf.png\" alt=\"image_pdf\" title=\"Afficher le PDF\" \/><\/a><a href=\"https:\/\/www.boudet-audit.com\/boudet\/wp-json\/wp\/v2\/pages\/704?print=print\" class=\"pdfprnt-button pdfprnt-button-print\" target=\"_blank\" ><img decoding=\"async\" src=\"http:\/\/www.boudet-audit.com\/boudet\/wp-content\/plugins\/pdf-print\/images\/print.png\" alt=\"image_print\" title=\"Contenu imprim\u00e9\" \/><\/a><\/div>","protected":false},"excerpt":{"rendered":"<p>Vecteur de confiance Le cabinet BOUDET &amp; ASSOCIES est class\u00e9 parmi les 20% des Commissaires aux comptes les plus importants inscrits \u00e0 Paris (selon les statistiques \u00e9tablies en 2016 par la Compagnie R\u00e9gionale des Commissaires aux Comptes de Paris). L\u2019associ\u00e9 signataire est directement impliqu\u00e9 sur votre dossier pour vous apporter sa comp\u00e9tence et son exp\u00e9rience.&hellip;<\/p>\n","protected":false},"author":1,"featured_media":0,"parent":701,"menu_order":20,"comment_status":"closed","ping_status":"closed","template":"","meta":{"footnotes":""},"class_list":["post-704","page","type-page","status-publish","hentry","entry","no-media"],"yoast_head":"<!-- This site is optimized with the Yoast SEO plugin v27.4 - https:\/\/yoast.com\/product\/yoast-seo-wordpress\/ -->\n<title>Audit et Commissariat aux comptes - BOUDET &amp; ASSOCI\u00c9S - FIDUC EXPERTS<\/title>\n<meta name=\"description\" content=\"BOUDET &amp; ASSOCIES, votre Commissaire aux comptes - Dans les 20% des plus importants de Paris - Audit \/ Commissariat aux comptes, apports, transformation...\" \/>\n<meta name=\"robots\" content=\"index, follow, max-snippet:-1, max-image-preview:large, max-video-preview:-1\" \/>\n<link rel=\"canonical\" href=\"https:\/\/www.boudet-audit.com\/boudet\/expert-comptable-commissaire-aux-comptes-94-93-75-paris-vincennes\/commissaire-aux-comptes-audit\/\" \/>\n<meta property=\"og:locale\" content=\"fr_FR\" \/>\n<meta property=\"og:type\" content=\"article\" \/>\n<meta property=\"og:title\" content=\"Audit et Commissariat aux comptes - BOUDET &amp; ASSOCI\u00c9S - FIDUC EXPERTS\" \/>\n<meta property=\"og:description\" content=\"BOUDET &amp; ASSOCIES, votre Commissaire aux comptes - Dans les 20% des plus importants de Paris - Audit \/ Commissariat aux comptes, apports, transformation...\" \/>\n<meta property=\"og:url\" content=\"https:\/\/www.boudet-audit.com\/boudet\/expert-comptable-commissaire-aux-comptes-94-93-75-paris-vincennes\/commissaire-aux-comptes-audit\/\" \/>\n<meta property=\"og:site_name\" content=\"BOUDET &amp; ASSOCI\u00c9S - FIDUC EXPERTS\" \/>\n<meta property=\"article:modified_time\" content=\"2024-04-11T17:01:54+00:00\" \/>\n<meta property=\"og:image\" content=\"http:\/\/www.boudet-audit.com\/boudet\/wp-content\/uploads\/2015\/10\/boudet-593X360.png\" \/>\n<meta name=\"twitter:card\" content=\"summary_large_image\" \/>\n<meta name=\"twitter:label1\" content=\"Dur\u00e9e de lecture estim\u00e9e\" \/>\n\t<meta name=\"twitter:data1\" content=\"2 minutes\" \/>\n<script type=\"application\/ld+json\" class=\"yoast-schema-graph\">{\"@context\":\"https:\\\/\\\/schema.org\",\"@graph\":[{\"@type\":\"WebPage\",\"@id\":\"https:\\\/\\\/www.boudet-audit.com\\\/boudet\\\/expert-comptable-commissaire-aux-comptes-94-93-75-paris-vincennes\\\/commissaire-aux-comptes-audit\\\/\",\"url\":\"https:\\\/\\\/www.boudet-audit.com\\\/boudet\\\/expert-comptable-commissaire-aux-comptes-94-93-75-paris-vincennes\\\/commissaire-aux-comptes-audit\\\/\",\"name\":\"Audit et Commissariat aux comptes - BOUDET &amp; ASSOCI\u00c9S - FIDUC EXPERTS\",\"isPartOf\":{\"@id\":\"https:\\\/\\\/www.boudet-audit.com\\\/boudet\\\/#website\"},\"primaryImageOfPage\":{\"@id\":\"https:\\\/\\\/www.boudet-audit.com\\\/boudet\\\/expert-comptable-commissaire-aux-comptes-94-93-75-paris-vincennes\\\/commissaire-aux-comptes-audit\\\/#primaryimage\"},\"image\":{\"@id\":\"https:\\\/\\\/www.boudet-audit.com\\\/boudet\\\/expert-comptable-commissaire-aux-comptes-94-93-75-paris-vincennes\\\/commissaire-aux-comptes-audit\\\/#primaryimage\"},\"thumbnailUrl\":\"http:\\\/\\\/www.boudet-audit.com\\\/boudet\\\/wp-content\\\/uploads\\\/2015\\\/10\\\/boudet-593X360.png\",\"datePublished\":\"2015-09-12T06:25:27+00:00\",\"dateModified\":\"2024-04-11T17:01:54+00:00\",\"description\":\"BOUDET & ASSOCIES, votre Commissaire aux comptes - Dans les 20% des plus importants de Paris - Audit \\\/ Commissariat aux comptes, apports, transformation...\",\"breadcrumb\":{\"@id\":\"https:\\\/\\\/www.boudet-audit.com\\\/boudet\\\/expert-comptable-commissaire-aux-comptes-94-93-75-paris-vincennes\\\/commissaire-aux-comptes-audit\\\/#breadcrumb\"},\"inLanguage\":\"fr-FR\",\"potentialAction\":[{\"@type\":\"ReadAction\",\"target\":[\"https:\\\/\\\/www.boudet-audit.com\\\/boudet\\\/expert-comptable-commissaire-aux-comptes-94-93-75-paris-vincennes\\\/commissaire-aux-comptes-audit\\\/\"]}]},{\"@type\":\"ImageObject\",\"inLanguage\":\"fr-FR\",\"@id\":\"https:\\\/\\\/www.boudet-audit.com\\\/boudet\\\/expert-comptable-commissaire-aux-comptes-94-93-75-paris-vincennes\\\/commissaire-aux-comptes-audit\\\/#primaryimage\",\"url\":\"http:\\\/\\\/www.boudet-audit.com\\\/boudet\\\/wp-content\\\/uploads\\\/2015\\\/10\\\/boudet-593X360.png\",\"contentUrl\":\"http:\\\/\\\/www.boudet-audit.com\\\/boudet\\\/wp-content\\\/uploads\\\/2015\\\/10\\\/boudet-593X360.png\"},{\"@type\":\"BreadcrumbList\",\"@id\":\"https:\\\/\\\/www.boudet-audit.com\\\/boudet\\\/expert-comptable-commissaire-aux-comptes-94-93-75-paris-vincennes\\\/commissaire-aux-comptes-audit\\\/#breadcrumb\",\"itemListElement\":[{\"@type\":\"ListItem\",\"position\":1,\"name\":\"Accueil\",\"item\":\"https:\\\/\\\/www.boudet-audit.com\\\/boudet\\\/\"},{\"@type\":\"ListItem\",\"position\":2,\"name\":\"NOS MISSIONS\",\"item\":\"https:\\\/\\\/www.boudet-audit.com\\\/boudet\\\/expert-comptable-commissaire-aux-comptes-94-93-75-paris-vincennes\\\/\"},{\"@type\":\"ListItem\",\"position\":3,\"name\":\"Audit et Commissariat aux comptes\"}]},{\"@type\":\"WebSite\",\"@id\":\"https:\\\/\\\/www.boudet-audit.com\\\/boudet\\\/#website\",\"url\":\"https:\\\/\\\/www.boudet-audit.com\\\/boudet\\\/\",\"name\":\"BOUDET &amp; ASSOCI\u00c9S - FIDUC EXPERTS\",\"description\":\"Commissariat aux comptes &amp; Expertise comptable\",\"publisher\":{\"@id\":\"https:\\\/\\\/www.boudet-audit.com\\\/boudet\\\/#organization\"},\"potentialAction\":[{\"@type\":\"SearchAction\",\"target\":{\"@type\":\"EntryPoint\",\"urlTemplate\":\"https:\\\/\\\/www.boudet-audit.com\\\/boudet\\\/?s={search_term_string}\"},\"query-input\":{\"@type\":\"PropertyValueSpecification\",\"valueRequired\":true,\"valueName\":\"search_term_string\"}}],\"inLanguage\":\"fr-FR\"},{\"@type\":\"Organization\",\"@id\":\"https:\\\/\\\/www.boudet-audit.com\\\/boudet\\\/#organization\",\"name\":\"BOUDET & ASSOCIES - FIDUC EXPERTS\",\"url\":\"https:\\\/\\\/www.boudet-audit.com\\\/boudet\\\/\",\"logo\":{\"@type\":\"ImageObject\",\"inLanguage\":\"fr-FR\",\"@id\":\"https:\\\/\\\/www.boudet-audit.com\\\/boudet\\\/#\\\/schema\\\/logo\\\/image\\\/\",\"url\":\"https:\\\/\\\/www.boudet-audit.com\\\/boudet\\\/wp-content\\\/uploads\\\/2021\\\/01\\\/logo1.jpg\",\"contentUrl\":\"https:\\\/\\\/www.boudet-audit.com\\\/boudet\\\/wp-content\\\/uploads\\\/2021\\\/01\\\/logo1.jpg\",\"width\":800,\"height\":100,\"caption\":\"BOUDET & ASSOCIES - FIDUC EXPERTS\"},\"image\":{\"@id\":\"https:\\\/\\\/www.boudet-audit.com\\\/boudet\\\/#\\\/schema\\\/logo\\\/image\\\/\"}}]}<\/script>\n<!-- \/ Yoast SEO plugin. -->","yoast_head_json":{"title":"Audit et Commissariat aux comptes - BOUDET &amp; ASSOCI\u00c9S - FIDUC EXPERTS","description":"BOUDET & ASSOCIES, votre Commissaire aux comptes - Dans les 20% des plus importants de Paris - Audit \/ Commissariat aux comptes, apports, transformation...","robots":{"index":"index","follow":"follow","max-snippet":"max-snippet:-1","max-image-preview":"max-image-preview:large","max-video-preview":"max-video-preview:-1"},"canonical":"https:\/\/www.boudet-audit.com\/boudet\/expert-comptable-commissaire-aux-comptes-94-93-75-paris-vincennes\/commissaire-aux-comptes-audit\/","og_locale":"fr_FR","og_type":"article","og_title":"Audit et Commissariat aux comptes - BOUDET &amp; ASSOCI\u00c9S - FIDUC EXPERTS","og_description":"BOUDET & ASSOCIES, votre Commissaire aux comptes - Dans les 20% des plus importants de Paris - Audit \/ Commissariat aux comptes, apports, transformation...","og_url":"https:\/\/www.boudet-audit.com\/boudet\/expert-comptable-commissaire-aux-comptes-94-93-75-paris-vincennes\/commissaire-aux-comptes-audit\/","og_site_name":"BOUDET &amp; ASSOCI\u00c9S - FIDUC EXPERTS","article_modified_time":"2024-04-11T17:01:54+00:00","og_image":[{"url":"http:\/\/www.boudet-audit.com\/boudet\/wp-content\/uploads\/2015\/10\/boudet-593X360.png","type":"","width":"","height":""}],"twitter_card":"summary_large_image","twitter_misc":{"Dur\u00e9e de lecture estim\u00e9e":"2 minutes"},"schema":{"@context":"https:\/\/schema.org","@graph":[{"@type":"WebPage","@id":"https:\/\/www.boudet-audit.com\/boudet\/expert-comptable-commissaire-aux-comptes-94-93-75-paris-vincennes\/commissaire-aux-comptes-audit\/","url":"https:\/\/www.boudet-audit.com\/boudet\/expert-comptable-commissaire-aux-comptes-94-93-75-paris-vincennes\/commissaire-aux-comptes-audit\/","name":"Audit et Commissariat aux comptes - BOUDET &amp; ASSOCI\u00c9S - FIDUC EXPERTS","isPartOf":{"@id":"https:\/\/www.boudet-audit.com\/boudet\/#website"},"primaryImageOfPage":{"@id":"https:\/\/www.boudet-audit.com\/boudet\/expert-comptable-commissaire-aux-comptes-94-93-75-paris-vincennes\/commissaire-aux-comptes-audit\/#primaryimage"},"image":{"@id":"https:\/\/www.boudet-audit.com\/boudet\/expert-comptable-commissaire-aux-comptes-94-93-75-paris-vincennes\/commissaire-aux-comptes-audit\/#primaryimage"},"thumbnailUrl":"http:\/\/www.boudet-audit.com\/boudet\/wp-content\/uploads\/2015\/10\/boudet-593X360.png","datePublished":"2015-09-12T06:25:27+00:00","dateModified":"2024-04-11T17:01:54+00:00","description":"BOUDET & ASSOCIES, votre Commissaire aux comptes - Dans les 20% des plus importants de Paris - Audit \/ Commissariat aux comptes, apports, transformation...","breadcrumb":{"@id":"https:\/\/www.boudet-audit.com\/boudet\/expert-comptable-commissaire-aux-comptes-94-93-75-paris-vincennes\/commissaire-aux-comptes-audit\/#breadcrumb"},"inLanguage":"fr-FR","potentialAction":[{"@type":"ReadAction","target":["https:\/\/www.boudet-audit.com\/boudet\/expert-comptable-commissaire-aux-comptes-94-93-75-paris-vincennes\/commissaire-aux-comptes-audit\/"]}]},{"@type":"ImageObject","inLanguage":"fr-FR","@id":"https:\/\/www.boudet-audit.com\/boudet\/expert-comptable-commissaire-aux-comptes-94-93-75-paris-vincennes\/commissaire-aux-comptes-audit\/#primaryimage","url":"http:\/\/www.boudet-audit.com\/boudet\/wp-content\/uploads\/2015\/10\/boudet-593X360.png","contentUrl":"http:\/\/www.boudet-audit.com\/boudet\/wp-content\/uploads\/2015\/10\/boudet-593X360.png"},{"@type":"BreadcrumbList","@id":"https:\/\/www.boudet-audit.com\/boudet\/expert-comptable-commissaire-aux-comptes-94-93-75-paris-vincennes\/commissaire-aux-comptes-audit\/#breadcrumb","itemListElement":[{"@type":"ListItem","position":1,"name":"Accueil","item":"https:\/\/www.boudet-audit.com\/boudet\/"},{"@type":"ListItem","position":2,"name":"NOS MISSIONS","item":"https:\/\/www.boudet-audit.com\/boudet\/expert-comptable-commissaire-aux-comptes-94-93-75-paris-vincennes\/"},{"@type":"ListItem","position":3,"name":"Audit et Commissariat aux comptes"}]},{"@type":"WebSite","@id":"https:\/\/www.boudet-audit.com\/boudet\/#website","url":"https:\/\/www.boudet-audit.com\/boudet\/","name":"BOUDET &amp; ASSOCI\u00c9S - FIDUC EXPERTS","description":"Commissariat aux comptes &amp; Expertise comptable","publisher":{"@id":"https:\/\/www.boudet-audit.com\/boudet\/#organization"},"potentialAction":[{"@type":"SearchAction","target":{"@type":"EntryPoint","urlTemplate":"https:\/\/www.boudet-audit.com\/boudet\/?s={search_term_string}"},"query-input":{"@type":"PropertyValueSpecification","valueRequired":true,"valueName":"search_term_string"}}],"inLanguage":"fr-FR"},{"@type":"Organization","@id":"https:\/\/www.boudet-audit.com\/boudet\/#organization","name":"BOUDET & ASSOCIES - FIDUC EXPERTS","url":"https:\/\/www.boudet-audit.com\/boudet\/","logo":{"@type":"ImageObject","inLanguage":"fr-FR","@id":"https:\/\/www.boudet-audit.com\/boudet\/#\/schema\/logo\/image\/","url":"https:\/\/www.boudet-audit.com\/boudet\/wp-content\/uploads\/2021\/01\/logo1.jpg","contentUrl":"https:\/\/www.boudet-audit.com\/boudet\/wp-content\/uploads\/2021\/01\/logo1.jpg","width":800,"height":100,"caption":"BOUDET & ASSOCIES - FIDUC EXPERTS"},"image":{"@id":"https:\/\/www.boudet-audit.com\/boudet\/#\/schema\/logo\/image\/"}}]}},"_links":{"self":[{"href":"https:\/\/www.boudet-audit.com\/boudet\/wp-json\/wp\/v2\/pages\/704","targetHints":{"allow":["GET"]}}],"collection":[{"href":"https:\/\/www.boudet-audit.com\/boudet\/wp-json\/wp\/v2\/pages"}],"about":[{"href":"https:\/\/www.boudet-audit.com\/boudet\/wp-json\/wp\/v2\/types\/page"}],"author":[{"embeddable":true,"href":"https:\/\/www.boudet-audit.com\/boudet\/wp-json\/wp\/v2\/users\/1"}],"replies":[{"embeddable":true,"href":"https:\/\/www.boudet-audit.com\/boudet\/wp-json\/wp\/v2\/comments?post=704"}],"version-history":[{"count":63,"href":"https:\/\/www.boudet-audit.com\/boudet\/wp-json\/wp\/v2\/pages\/704\/revisions"}],"predecessor-version":[{"id":4633,"href":"https:\/\/www.boudet-audit.com\/boudet\/wp-json\/wp\/v2\/pages\/704\/revisions\/4633"}],"up":[{"embeddable":true,"href":"https:\/\/www.boudet-audit.com\/boudet\/wp-json\/wp\/v2\/pages\/701"}],"wp:attachment":[{"href":"https:\/\/www.boudet-audit.com\/boudet\/wp-json\/wp\/v2\/media?parent=704"}],"curies":[{"name":"wp","href":"https:\/\/api.w.org\/{rel}","templated":true}]}}