{"id":706,"date":"2015-09-12T06:26:10","date_gmt":"2015-09-12T06:26:10","guid":{"rendered":"http:\/\/www.rouillier.com\/fiduc1\/?page_id=706"},"modified":"2024-04-10T17:42:12","modified_gmt":"2024-04-10T16:42:12","slug":"assistance-litiges","status":"publish","type":"page","link":"https:\/\/www.boudet-audit.com\/boudet\/expert-comptable-commissaire-aux-comptes-94-93-75-paris-vincennes\/assistance-litiges\/","title":{"rendered":"Assistance aux litiges"},"content":{"rendered":"<p><span class=\"azur\"><img loading=\"lazy\" decoding=\"async\" class=\"wp-image-1019 alignright\" src=\"https:\/\/www.boudet-audit.com\/boudet\/wp-content\/uploads\/2015\/10\/fiduc-493x360.png\" alt=\"fiduc-493x360\" width=\"181\" height=\"128\" srcset=\"https:\/\/www.boudet-audit.com\/boudet\/wp-content\/uploads\/2015\/10\/fiduc-493x360.png 510w, https:\/\/www.boudet-audit.com\/boudet\/wp-content\/uploads\/2015\/10\/fiduc-493x360-300x212.png 300w\" sizes=\"auto, (max-width: 181px) 100vw, 181px\" \/><\/span><\/p>\n<p><em><span class=\"wpex-text-lg wpex-text-4xl\" style=\"color: #0099ff;\">Expert de confiance<\/span><br \/>\n<\/em><\/p>\n<hr \/>\n<p style=\"text-align: justify;\"><strong>Expert agr\u00e9\u00e9<\/strong> pr\u00e8s les tribunaux, FIDUC EXPERTS <strong>assiste les entreprises et les particuliers<\/strong> \u00e0 la r\u00e9solution de leurs conflits. Aux cot\u00e9s des avocats, nous participons \u00e0 la strat\u00e9gie de d\u00e9fense des int\u00e9r\u00eats du client en apportant une dimension technique aux \u00e9changes contradictoires.<\/p>\n<p style=\"text-align: justify;\">Nous intervenons dans la constitution de vos dossiers de r\u00e9clamation financi\u00e8re dans le cadre d&rsquo;<strong>\u00e9valuation de pr\u00e9judices<\/strong>.<\/p>\n<p style=\"text-align: justify;\">Notre \u00e9troite collaboration avec les avocats facilite le r\u00e8glement <strong>rapide et efficace<\/strong> de vos litiges.<\/p>\n<p style=\"text-align: justify;\"><span class=\"azur\">Missions propos\u00e9es<\/span><\/p>\n<p style=\"text-align: justify;\">&#8211; Estimation d&rsquo;un pr\u00e9judice provenant d&rsquo;un sinistre, d&rsquo;une contrefa\u00e7on, d&rsquo;une mauvaise application d&rsquo;une convention, d&rsquo;une rupture abusive d\u2019un contrat, et n\u00e9cessitant le calcul d\u2019une perte d\u2019exploitation ou de revenus<br \/>\n&#8211; Appr\u00e9ciation des cons\u00e9quences du dysfonctionnement du contr\u00f4le interne d\u2019une entreprise<br \/>\n&#8211; Analyse d\u2019op\u00e9rations litigieuses entre soci\u00e9t\u00e9s d\u2019un m\u00eame groupe<br \/>\n&#8211; Audit des comptes d\u2019une soci\u00e9t\u00e9 c\u00e9d\u00e9e permettant la mise en \u0153uvre de la clause de garantie d&rsquo;actif et de passif<br \/>\n&#8211; Evaluation d&rsquo;une entreprise (dans le cadre d&rsquo;une cession, apport, succession, donation\u2026).<\/p>\n<div class=\"pdfprnt-buttons pdfprnt-buttons-page pdfprnt-bottom-right\"><a href=\"https:\/\/www.boudet-audit.com\/boudet\/wp-json\/wp\/v2\/pages\/706?print=pdf\" class=\"pdfprnt-button pdfprnt-button-pdf\" target=\"_blank\" ><img decoding=\"async\" src=\"http:\/\/www.boudet-audit.com\/boudet\/wp-content\/plugins\/pdf-print\/images\/pdf.png\" alt=\"image_pdf\" title=\"Afficher le PDF\" \/><\/a><a href=\"https:\/\/www.boudet-audit.com\/boudet\/wp-json\/wp\/v2\/pages\/706?print=print\" class=\"pdfprnt-button pdfprnt-button-print\" target=\"_blank\" ><img decoding=\"async\" src=\"http:\/\/www.boudet-audit.com\/boudet\/wp-content\/plugins\/pdf-print\/images\/print.png\" alt=\"image_print\" title=\"Contenu imprim\u00e9\" \/><\/a><\/div>","protected":false},"excerpt":{"rendered":"<p>Expert de confiance Expert agr\u00e9\u00e9 pr\u00e8s les tribunaux, FIDUC EXPERTS assiste les entreprises et les particuliers \u00e0 la r\u00e9solution de leurs conflits. Aux cot\u00e9s des avocats, nous participons \u00e0 la strat\u00e9gie de d\u00e9fense des int\u00e9r\u00eats du client en apportant une dimension technique aux \u00e9changes contradictoires. Nous intervenons dans la constitution de vos dossiers de r\u00e9clamation&hellip;<\/p>\n","protected":false},"author":1,"featured_media":0,"parent":701,"menu_order":30,"comment_status":"closed","ping_status":"closed","template":"","meta":{"footnotes":""},"class_list":["post-706","page","type-page","status-publish","hentry","entry","no-media"],"yoast_head":"<!-- This site is optimized with the Yoast SEO plugin v27.5 - https:\/\/yoast.com\/product\/yoast-seo-wordpress\/ -->\n<title>Assistance aux litiges - BOUDET &amp; ASSOCI\u00c9S - FIDUC EXPERTS<\/title>\n<meta name=\"description\" content=\"Assistance aux litiges : constitution de vos dossiers de r\u00e9clamation financi\u00e8re dans le cadre d&#039;\u00e9valuation de pr\u00e9judices.\" \/>\n<meta name=\"robots\" content=\"index, follow, max-snippet:-1, max-image-preview:large, max-video-preview:-1\" \/>\n<link rel=\"canonical\" href=\"https:\/\/www.boudet-audit.com\/boudet\/expert-comptable-commissaire-aux-comptes-94-93-75-paris-vincennes\/assistance-litiges\/\" \/>\n<meta property=\"og:locale\" content=\"fr_FR\" \/>\n<meta property=\"og:type\" content=\"article\" \/>\n<meta property=\"og:title\" content=\"Assistance aux litiges - BOUDET &amp; ASSOCI\u00c9S - FIDUC EXPERTS\" \/>\n<meta property=\"og:description\" content=\"Assistance aux litiges : constitution de vos dossiers de r\u00e9clamation financi\u00e8re dans le cadre d&#039;\u00e9valuation de pr\u00e9judices.\" \/>\n<meta property=\"og:url\" content=\"https:\/\/www.boudet-audit.com\/boudet\/expert-comptable-commissaire-aux-comptes-94-93-75-paris-vincennes\/assistance-litiges\/\" \/>\n<meta property=\"og:site_name\" content=\"BOUDET &amp; ASSOCI\u00c9S - FIDUC EXPERTS\" \/>\n<meta property=\"article:modified_time\" content=\"2024-04-10T16:42:12+00:00\" \/>\n<meta property=\"og:image\" content=\"http:\/\/www.boudet-audit.com\/boudet\/wp-content\/uploads\/2015\/10\/fiduc-493x360.png\" \/>\n<meta name=\"twitter:card\" content=\"summary_large_image\" \/>\n<meta name=\"twitter:label1\" content=\"Dur\u00e9e de lecture estim\u00e9e\" \/>\n\t<meta name=\"twitter:data1\" content=\"2 minutes\" \/>\n<script type=\"application\/ld+json\" class=\"yoast-schema-graph\">{\"@context\":\"https:\\\/\\\/schema.org\",\"@graph\":[{\"@type\":\"WebPage\",\"@id\":\"https:\\\/\\\/www.boudet-audit.com\\\/boudet\\\/expert-comptable-commissaire-aux-comptes-94-93-75-paris-vincennes\\\/assistance-litiges\\\/\",\"url\":\"https:\\\/\\\/www.boudet-audit.com\\\/boudet\\\/expert-comptable-commissaire-aux-comptes-94-93-75-paris-vincennes\\\/assistance-litiges\\\/\",\"name\":\"Assistance aux litiges - BOUDET &amp; ASSOCI\u00c9S - FIDUC EXPERTS\",\"isPartOf\":{\"@id\":\"https:\\\/\\\/www.boudet-audit.com\\\/boudet\\\/#website\"},\"primaryImageOfPage\":{\"@id\":\"https:\\\/\\\/www.boudet-audit.com\\\/boudet\\\/expert-comptable-commissaire-aux-comptes-94-93-75-paris-vincennes\\\/assistance-litiges\\\/#primaryimage\"},\"image\":{\"@id\":\"https:\\\/\\\/www.boudet-audit.com\\\/boudet\\\/expert-comptable-commissaire-aux-comptes-94-93-75-paris-vincennes\\\/assistance-litiges\\\/#primaryimage\"},\"thumbnailUrl\":\"http:\\\/\\\/www.boudet-audit.com\\\/boudet\\\/wp-content\\\/uploads\\\/2015\\\/10\\\/fiduc-493x360.png\",\"datePublished\":\"2015-09-12T06:26:10+00:00\",\"dateModified\":\"2024-04-10T16:42:12+00:00\",\"description\":\"Assistance aux litiges : constitution de vos dossiers de r\u00e9clamation financi\u00e8re dans le cadre d'\u00e9valuation de pr\u00e9judices.\",\"breadcrumb\":{\"@id\":\"https:\\\/\\\/www.boudet-audit.com\\\/boudet\\\/expert-comptable-commissaire-aux-comptes-94-93-75-paris-vincennes\\\/assistance-litiges\\\/#breadcrumb\"},\"inLanguage\":\"fr-FR\",\"potentialAction\":[{\"@type\":\"ReadAction\",\"target\":[\"https:\\\/\\\/www.boudet-audit.com\\\/boudet\\\/expert-comptable-commissaire-aux-comptes-94-93-75-paris-vincennes\\\/assistance-litiges\\\/\"]}]},{\"@type\":\"ImageObject\",\"inLanguage\":\"fr-FR\",\"@id\":\"https:\\\/\\\/www.boudet-audit.com\\\/boudet\\\/expert-comptable-commissaire-aux-comptes-94-93-75-paris-vincennes\\\/assistance-litiges\\\/#primaryimage\",\"url\":\"http:\\\/\\\/www.boudet-audit.com\\\/boudet\\\/wp-content\\\/uploads\\\/2015\\\/10\\\/fiduc-493x360.png\",\"contentUrl\":\"http:\\\/\\\/www.boudet-audit.com\\\/boudet\\\/wp-content\\\/uploads\\\/2015\\\/10\\\/fiduc-493x360.png\"},{\"@type\":\"BreadcrumbList\",\"@id\":\"https:\\\/\\\/www.boudet-audit.com\\\/boudet\\\/expert-comptable-commissaire-aux-comptes-94-93-75-paris-vincennes\\\/assistance-litiges\\\/#breadcrumb\",\"itemListElement\":[{\"@type\":\"ListItem\",\"position\":1,\"name\":\"Accueil\",\"item\":\"https:\\\/\\\/www.boudet-audit.com\\\/boudet\\\/\"},{\"@type\":\"ListItem\",\"position\":2,\"name\":\"NOS MISSIONS\",\"item\":\"https:\\\/\\\/www.boudet-audit.com\\\/boudet\\\/expert-comptable-commissaire-aux-comptes-94-93-75-paris-vincennes\\\/\"},{\"@type\":\"ListItem\",\"position\":3,\"name\":\"Assistance aux litiges\"}]},{\"@type\":\"WebSite\",\"@id\":\"https:\\\/\\\/www.boudet-audit.com\\\/boudet\\\/#website\",\"url\":\"https:\\\/\\\/www.boudet-audit.com\\\/boudet\\\/\",\"name\":\"BOUDET &amp; ASSOCI\u00c9S - FIDUC EXPERTS\",\"description\":\"Commissariat aux comptes &amp; Expertise comptable\",\"publisher\":{\"@id\":\"https:\\\/\\\/www.boudet-audit.com\\\/boudet\\\/#organization\"},\"potentialAction\":[{\"@type\":\"SearchAction\",\"target\":{\"@type\":\"EntryPoint\",\"urlTemplate\":\"https:\\\/\\\/www.boudet-audit.com\\\/boudet\\\/?s={search_term_string}\"},\"query-input\":{\"@type\":\"PropertyValueSpecification\",\"valueRequired\":true,\"valueName\":\"search_term_string\"}}],\"inLanguage\":\"fr-FR\"},{\"@type\":\"Organization\",\"@id\":\"https:\\\/\\\/www.boudet-audit.com\\\/boudet\\\/#organization\",\"name\":\"BOUDET & ASSOCIES - FIDUC EXPERTS\",\"url\":\"https:\\\/\\\/www.boudet-audit.com\\\/boudet\\\/\",\"logo\":{\"@type\":\"ImageObject\",\"inLanguage\":\"fr-FR\",\"@id\":\"https:\\\/\\\/www.boudet-audit.com\\\/boudet\\\/#\\\/schema\\\/logo\\\/image\\\/\",\"url\":\"https:\\\/\\\/www.boudet-audit.com\\\/boudet\\\/wp-content\\\/uploads\\\/2021\\\/01\\\/logo1.jpg\",\"contentUrl\":\"https:\\\/\\\/www.boudet-audit.com\\\/boudet\\\/wp-content\\\/uploads\\\/2021\\\/01\\\/logo1.jpg\",\"width\":800,\"height\":100,\"caption\":\"BOUDET & ASSOCIES - FIDUC EXPERTS\"},\"image\":{\"@id\":\"https:\\\/\\\/www.boudet-audit.com\\\/boudet\\\/#\\\/schema\\\/logo\\\/image\\\/\"}}]}<\/script>\n<!-- \/ Yoast SEO plugin. -->","yoast_head_json":{"title":"Assistance aux litiges - BOUDET &amp; ASSOCI\u00c9S - FIDUC EXPERTS","description":"Assistance aux litiges : constitution de vos dossiers de r\u00e9clamation financi\u00e8re dans le cadre d'\u00e9valuation de pr\u00e9judices.","robots":{"index":"index","follow":"follow","max-snippet":"max-snippet:-1","max-image-preview":"max-image-preview:large","max-video-preview":"max-video-preview:-1"},"canonical":"https:\/\/www.boudet-audit.com\/boudet\/expert-comptable-commissaire-aux-comptes-94-93-75-paris-vincennes\/assistance-litiges\/","og_locale":"fr_FR","og_type":"article","og_title":"Assistance aux litiges - BOUDET &amp; ASSOCI\u00c9S - FIDUC EXPERTS","og_description":"Assistance aux litiges : constitution de vos dossiers de r\u00e9clamation financi\u00e8re dans le cadre d'\u00e9valuation de pr\u00e9judices.","og_url":"https:\/\/www.boudet-audit.com\/boudet\/expert-comptable-commissaire-aux-comptes-94-93-75-paris-vincennes\/assistance-litiges\/","og_site_name":"BOUDET &amp; ASSOCI\u00c9S - FIDUC EXPERTS","article_modified_time":"2024-04-10T16:42:12+00:00","og_image":[{"url":"http:\/\/www.boudet-audit.com\/boudet\/wp-content\/uploads\/2015\/10\/fiduc-493x360.png","type":"","width":"","height":""}],"twitter_card":"summary_large_image","twitter_misc":{"Dur\u00e9e de lecture estim\u00e9e":"2 minutes"},"schema":{"@context":"https:\/\/schema.org","@graph":[{"@type":"WebPage","@id":"https:\/\/www.boudet-audit.com\/boudet\/expert-comptable-commissaire-aux-comptes-94-93-75-paris-vincennes\/assistance-litiges\/","url":"https:\/\/www.boudet-audit.com\/boudet\/expert-comptable-commissaire-aux-comptes-94-93-75-paris-vincennes\/assistance-litiges\/","name":"Assistance aux litiges - BOUDET &amp; ASSOCI\u00c9S - FIDUC EXPERTS","isPartOf":{"@id":"https:\/\/www.boudet-audit.com\/boudet\/#website"},"primaryImageOfPage":{"@id":"https:\/\/www.boudet-audit.com\/boudet\/expert-comptable-commissaire-aux-comptes-94-93-75-paris-vincennes\/assistance-litiges\/#primaryimage"},"image":{"@id":"https:\/\/www.boudet-audit.com\/boudet\/expert-comptable-commissaire-aux-comptes-94-93-75-paris-vincennes\/assistance-litiges\/#primaryimage"},"thumbnailUrl":"http:\/\/www.boudet-audit.com\/boudet\/wp-content\/uploads\/2015\/10\/fiduc-493x360.png","datePublished":"2015-09-12T06:26:10+00:00","dateModified":"2024-04-10T16:42:12+00:00","description":"Assistance aux litiges : constitution de vos dossiers de r\u00e9clamation financi\u00e8re dans le cadre d'\u00e9valuation de pr\u00e9judices.","breadcrumb":{"@id":"https:\/\/www.boudet-audit.com\/boudet\/expert-comptable-commissaire-aux-comptes-94-93-75-paris-vincennes\/assistance-litiges\/#breadcrumb"},"inLanguage":"fr-FR","potentialAction":[{"@type":"ReadAction","target":["https:\/\/www.boudet-audit.com\/boudet\/expert-comptable-commissaire-aux-comptes-94-93-75-paris-vincennes\/assistance-litiges\/"]}]},{"@type":"ImageObject","inLanguage":"fr-FR","@id":"https:\/\/www.boudet-audit.com\/boudet\/expert-comptable-commissaire-aux-comptes-94-93-75-paris-vincennes\/assistance-litiges\/#primaryimage","url":"http:\/\/www.boudet-audit.com\/boudet\/wp-content\/uploads\/2015\/10\/fiduc-493x360.png","contentUrl":"http:\/\/www.boudet-audit.com\/boudet\/wp-content\/uploads\/2015\/10\/fiduc-493x360.png"},{"@type":"BreadcrumbList","@id":"https:\/\/www.boudet-audit.com\/boudet\/expert-comptable-commissaire-aux-comptes-94-93-75-paris-vincennes\/assistance-litiges\/#breadcrumb","itemListElement":[{"@type":"ListItem","position":1,"name":"Accueil","item":"https:\/\/www.boudet-audit.com\/boudet\/"},{"@type":"ListItem","position":2,"name":"NOS MISSIONS","item":"https:\/\/www.boudet-audit.com\/boudet\/expert-comptable-commissaire-aux-comptes-94-93-75-paris-vincennes\/"},{"@type":"ListItem","position":3,"name":"Assistance aux litiges"}]},{"@type":"WebSite","@id":"https:\/\/www.boudet-audit.com\/boudet\/#website","url":"https:\/\/www.boudet-audit.com\/boudet\/","name":"BOUDET &amp; ASSOCI\u00c9S - FIDUC EXPERTS","description":"Commissariat aux comptes &amp; Expertise comptable","publisher":{"@id":"https:\/\/www.boudet-audit.com\/boudet\/#organization"},"potentialAction":[{"@type":"SearchAction","target":{"@type":"EntryPoint","urlTemplate":"https:\/\/www.boudet-audit.com\/boudet\/?s={search_term_string}"},"query-input":{"@type":"PropertyValueSpecification","valueRequired":true,"valueName":"search_term_string"}}],"inLanguage":"fr-FR"},{"@type":"Organization","@id":"https:\/\/www.boudet-audit.com\/boudet\/#organization","name":"BOUDET & ASSOCIES - FIDUC EXPERTS","url":"https:\/\/www.boudet-audit.com\/boudet\/","logo":{"@type":"ImageObject","inLanguage":"fr-FR","@id":"https:\/\/www.boudet-audit.com\/boudet\/#\/schema\/logo\/image\/","url":"https:\/\/www.boudet-audit.com\/boudet\/wp-content\/uploads\/2021\/01\/logo1.jpg","contentUrl":"https:\/\/www.boudet-audit.com\/boudet\/wp-content\/uploads\/2021\/01\/logo1.jpg","width":800,"height":100,"caption":"BOUDET & ASSOCIES - FIDUC EXPERTS"},"image":{"@id":"https:\/\/www.boudet-audit.com\/boudet\/#\/schema\/logo\/image\/"}}]}},"_links":{"self":[{"href":"https:\/\/www.boudet-audit.com\/boudet\/wp-json\/wp\/v2\/pages\/706","targetHints":{"allow":["GET"]}}],"collection":[{"href":"https:\/\/www.boudet-audit.com\/boudet\/wp-json\/wp\/v2\/pages"}],"about":[{"href":"https:\/\/www.boudet-audit.com\/boudet\/wp-json\/wp\/v2\/types\/page"}],"author":[{"embeddable":true,"href":"https:\/\/www.boudet-audit.com\/boudet\/wp-json\/wp\/v2\/users\/1"}],"replies":[{"embeddable":true,"href":"https:\/\/www.boudet-audit.com\/boudet\/wp-json\/wp\/v2\/comments?post=706"}],"version-history":[{"count":50,"href":"https:\/\/www.boudet-audit.com\/boudet\/wp-json\/wp\/v2\/pages\/706\/revisions"}],"predecessor-version":[{"id":4609,"href":"https:\/\/www.boudet-audit.com\/boudet\/wp-json\/wp\/v2\/pages\/706\/revisions\/4609"}],"up":[{"embeddable":true,"href":"https:\/\/www.boudet-audit.com\/boudet\/wp-json\/wp\/v2\/pages\/701"}],"wp:attachment":[{"href":"https:\/\/www.boudet-audit.com\/boudet\/wp-json\/wp\/v2\/media?parent=706"}],"curies":[{"name":"wp","href":"https:\/\/api.w.org\/{rel}","templated":true}]}}