{"id":708,"date":"2015-09-12T06:26:46","date_gmt":"2015-09-12T06:26:46","guid":{"rendered":"http:\/\/www.rouillier.com\/fiduc1\/?page_id=708"},"modified":"2024-04-10T16:12:26","modified_gmt":"2024-04-10T15:12:26","slug":"expertise-et-conseils","status":"publish","type":"page","link":"https:\/\/www.boudet-audit.com\/boudet\/expert-comptable-commissaire-aux-comptes-94-93-75-paris-vincennes\/expertise-et-conseils\/","title":{"rendered":"Expertise comptable et conseils"},"content":{"rendered":"<p><span class=\"azur\"><img loading=\"lazy\" decoding=\"async\" class=\"wp-image-1019 alignright\" src=\"https:\/\/www.boudet-audit.com\/boudet\/wp-content\/uploads\/2015\/10\/fiduc-493x360.png\" alt=\"fiduc-493x360\" width=\"181\" height=\"128\" srcset=\"https:\/\/www.boudet-audit.com\/boudet\/wp-content\/uploads\/2015\/10\/fiduc-493x360.png 510w, https:\/\/www.boudet-audit.com\/boudet\/wp-content\/uploads\/2015\/10\/fiduc-493x360-300x212.png 300w\" sizes=\"auto, (max-width: 181px) 100vw, 181px\" \/><\/span><\/p>\n<p><em><span class=\"wpex-text-lg wpex-text-4xl\" style=\"color: #0099ff;\">Partenaire de confiance<\/span><br \/>\n<\/em><\/p>\n<hr \/>\n<p style=\"text-align: justify;\"><span class=\"azur\">Pourquoi faire appel \u00e0 FIDUC EXPERTS ?<\/span><\/p>\n<p style=\"text-align: justify;\">Vous recherchez un expert-comptable\u00a0? Vous avez besoin d\u2019un professionnel des chiffres mais aussi d\u2019un expert qui vous apporte des conseils\u00a0?<\/p>\n<p style=\"text-align: justify;\">Nous d\u00e9finissons ensemble vos besoins pour vous proposer un <strong>accompagnement personnalis\u00e9<\/strong> tout au long de la vie de votre soci\u00e9t\u00e9.<\/p>\n<p style=\"text-align: justify;\">Ainsi, vous \u00eates s\u00e9curis\u00e9 en termes d\u2019obligations comptables, fiscales ou sociales compte tenu de l\u2019\u00e9volution continue de la l\u00e9gislation.<\/p>\n<p style=\"text-align: justify;\">Au-del\u00e0 de ces obligations, vous conseiller est notre valeur ajout\u00e9e. Nous appliquons ainsi une double approche\u00a0:<\/p>\n<ul>\n<li style=\"text-align: justify;\"><strong>Approche d\u2019audit<\/strong>. Notre comp\u00e9tence en audit, en plus de la comp\u00e9tence comptable, nous permet de d\u00e9tecter des zones de risque (d\u2019ordre fiscal, juridique, organisationnel\u2026) et d\u2019\u00e9mettre des recommandations.<\/li>\n<li style=\"text-align: justify;\"><strong>Approche d\u2019optimisation et de conseil<\/strong>. Nous proposons des pr\u00e9conisations et montages adapt\u00e9s pour r\u00e9pondre \u00e0 vos interrogations, probl\u00e9matiques ou projets.<\/li>\n<\/ul>\n<p style=\"text-align: justify;\">Pour d\u00e9ployer ces solutions, nous pouvons mettre \u00e0 votre disposition notre <strong>r\u00e9seau de partenaires<\/strong> (avocat en droit des affaires, droit fiscal ou social, commissaire aux comptes, conseiller en gestion de patrimoine, notaire, banquier, assureur, \u00e9diteur de logiciel).<\/p>\n<p style=\"text-align: justify;\"><span class=\"azur\">Missions propos\u00e9es<\/span><\/p>\n<p style=\"text-align: left;\"><strong>Conseil &amp; expertise<\/strong><br \/>\n&#8211; Optimisation fiscale &amp; juridique<br \/>\n&#8211; Optimisation de la r\u00e9mun\u00e9ration du dirigeant<br \/>\n&#8211; Contr\u00f4le interne des processus de l\u2019entreprise<br \/>\n&#8211; Evaluation d\u2019entreprise &amp; accompagnement (dans le cadre d&rsquo;une cession, apport, succession, donation\u2026)<br \/>\n&#8211; Audit d\u2019acquisition d\u2019une entreprise &amp; accompagnement lors d&rsquo;un rachat<br \/>\n&#8211; Business plan, comptes &amp; tableaux de financement pr\u00e9visionnels (dans le cadre d&rsquo;un emprunt bancaire, d&rsquo;entr\u00e9es d&rsquo;investisseurs, de pilotage de gestion&#8230;)<br \/>\n&#8211; Tableaux de bord &amp; indicateurs de gestion, \u00e9tudes de rentabilit\u00e9, contr\u00f4le budg\u00e9taire<\/p>\n<p style=\"text-align: justify;\"><strong>R\u00e9vision des comptes<\/strong><br \/>\n&#8211; Revue de vos travaux comptables &amp; fiscaux<br \/>\n&#8211; Etablissement de bilans &amp; comptes de r\u00e9sultat p\u00e9riodiques ou annuels<br \/>\n&#8211; Etablissement de liasses fiscales et de d\u00e9clarations fiscales &amp; sociales<\/p>\n<p style=\"text-align: justify;\"><strong>Externalisation comptable &amp; financi\u00e8re<\/strong><br \/>\n&#8211; Tenue de la comptabilit\u00e9 jusqu\u2019aux comptes annuels, liasses fiscales, d\u00e9clarations fiscales &amp; sociales<br \/>\n&#8211; Direction financi\u00e8re externalis\u00e9e<\/p>\n<p style=\"text-align: justify;\"><strong>Paie et social<\/strong><br \/>\n&#8211; Bulletins de salaire et d\u00e9clarations sociales<br \/>\n&#8211; Formalit\u00e9s et documents li\u00e9s \u00e0 l\u2019embauche et au d\u00e9part de salari\u00e9s.<\/p>\n<div class=\"pdfprnt-buttons pdfprnt-buttons-page pdfprnt-bottom-right\"><a href=\"https:\/\/www.boudet-audit.com\/boudet\/wp-json\/wp\/v2\/pages\/708?print=pdf\" class=\"pdfprnt-button pdfprnt-button-pdf\" target=\"_blank\" ><img decoding=\"async\" src=\"http:\/\/www.boudet-audit.com\/boudet\/wp-content\/plugins\/pdf-print\/images\/pdf.png\" alt=\"image_pdf\" title=\"Afficher le PDF\" \/><\/a><a href=\"https:\/\/www.boudet-audit.com\/boudet\/wp-json\/wp\/v2\/pages\/708?print=print\" class=\"pdfprnt-button pdfprnt-button-print\" target=\"_blank\" ><img decoding=\"async\" src=\"http:\/\/www.boudet-audit.com\/boudet\/wp-content\/plugins\/pdf-print\/images\/print.png\" alt=\"image_print\" title=\"Contenu imprim\u00e9\" \/><\/a><\/div>","protected":false},"excerpt":{"rendered":"<p>Partenaire de confiance Pourquoi faire appel \u00e0 FIDUC EXPERTS ? Vous recherchez un expert-comptable\u00a0? Vous avez besoin d\u2019un professionnel des chiffres mais aussi d\u2019un expert qui vous apporte des conseils\u00a0? Nous d\u00e9finissons ensemble vos besoins pour vous proposer un accompagnement personnalis\u00e9 tout au long de la vie de votre soci\u00e9t\u00e9. Ainsi, vous \u00eates s\u00e9curis\u00e9 en&hellip;<\/p>\n","protected":false},"author":1,"featured_media":0,"parent":701,"menu_order":40,"comment_status":"closed","ping_status":"closed","template":"","meta":{"footnotes":""},"class_list":["post-708","page","type-page","status-publish","hentry","entry","no-media"],"yoast_head":"<!-- This site is optimized with the Yoast SEO plugin v27.5 - https:\/\/yoast.com\/product\/yoast-seo-wordpress\/ -->\n<title>Expertise comptable et conseils - BOUDET &amp; ASSOCI\u00c9S - FIDUC EXPERTS<\/title>\n<meta name=\"description\" content=\"FIDUC EXPERTS, votre expert-comptable - Missions : conseils et optimisation fiscale, tableaux de bord, comptabilit\u00e9, social.\" \/>\n<meta name=\"robots\" content=\"index, follow, max-snippet:-1, max-image-preview:large, max-video-preview:-1\" \/>\n<link rel=\"canonical\" href=\"https:\/\/www.boudet-audit.com\/boudet\/expert-comptable-commissaire-aux-comptes-94-93-75-paris-vincennes\/expertise-et-conseils\/\" \/>\n<meta property=\"og:locale\" content=\"fr_FR\" \/>\n<meta property=\"og:type\" content=\"article\" \/>\n<meta property=\"og:title\" content=\"Expertise comptable et conseils - BOUDET &amp; ASSOCI\u00c9S - FIDUC EXPERTS\" \/>\n<meta property=\"og:description\" content=\"FIDUC EXPERTS, votre expert-comptable - Missions : conseils et optimisation fiscale, tableaux de bord, comptabilit\u00e9, social.\" \/>\n<meta property=\"og:url\" content=\"https:\/\/www.boudet-audit.com\/boudet\/expert-comptable-commissaire-aux-comptes-94-93-75-paris-vincennes\/expertise-et-conseils\/\" \/>\n<meta property=\"og:site_name\" content=\"BOUDET &amp; ASSOCI\u00c9S - FIDUC EXPERTS\" \/>\n<meta property=\"article:modified_time\" content=\"2024-04-10T15:12:26+00:00\" \/>\n<meta property=\"og:image\" content=\"http:\/\/www.boudet-audit.com\/boudet\/wp-content\/uploads\/2015\/10\/fiduc-493x360.png\" \/>\n<meta name=\"twitter:card\" content=\"summary_large_image\" \/>\n<meta name=\"twitter:label1\" content=\"Dur\u00e9e de lecture estim\u00e9e\" \/>\n\t<meta name=\"twitter:data1\" content=\"2 minutes\" \/>\n<script type=\"application\/ld+json\" class=\"yoast-schema-graph\">{\"@context\":\"https:\\\/\\\/schema.org\",\"@graph\":[{\"@type\":\"WebPage\",\"@id\":\"https:\\\/\\\/www.boudet-audit.com\\\/boudet\\\/expert-comptable-commissaire-aux-comptes-94-93-75-paris-vincennes\\\/expertise-et-conseils\\\/\",\"url\":\"https:\\\/\\\/www.boudet-audit.com\\\/boudet\\\/expert-comptable-commissaire-aux-comptes-94-93-75-paris-vincennes\\\/expertise-et-conseils\\\/\",\"name\":\"Expertise comptable et conseils - BOUDET &amp; ASSOCI\u00c9S - FIDUC EXPERTS\",\"isPartOf\":{\"@id\":\"https:\\\/\\\/www.boudet-audit.com\\\/boudet\\\/#website\"},\"primaryImageOfPage\":{\"@id\":\"https:\\\/\\\/www.boudet-audit.com\\\/boudet\\\/expert-comptable-commissaire-aux-comptes-94-93-75-paris-vincennes\\\/expertise-et-conseils\\\/#primaryimage\"},\"image\":{\"@id\":\"https:\\\/\\\/www.boudet-audit.com\\\/boudet\\\/expert-comptable-commissaire-aux-comptes-94-93-75-paris-vincennes\\\/expertise-et-conseils\\\/#primaryimage\"},\"thumbnailUrl\":\"http:\\\/\\\/www.boudet-audit.com\\\/boudet\\\/wp-content\\\/uploads\\\/2015\\\/10\\\/fiduc-493x360.png\",\"datePublished\":\"2015-09-12T06:26:46+00:00\",\"dateModified\":\"2024-04-10T15:12:26+00:00\",\"description\":\"FIDUC EXPERTS, votre expert-comptable - Missions : conseils et optimisation fiscale, tableaux de bord, comptabilit\u00e9, social.\",\"breadcrumb\":{\"@id\":\"https:\\\/\\\/www.boudet-audit.com\\\/boudet\\\/expert-comptable-commissaire-aux-comptes-94-93-75-paris-vincennes\\\/expertise-et-conseils\\\/#breadcrumb\"},\"inLanguage\":\"fr-FR\",\"potentialAction\":[{\"@type\":\"ReadAction\",\"target\":[\"https:\\\/\\\/www.boudet-audit.com\\\/boudet\\\/expert-comptable-commissaire-aux-comptes-94-93-75-paris-vincennes\\\/expertise-et-conseils\\\/\"]}]},{\"@type\":\"ImageObject\",\"inLanguage\":\"fr-FR\",\"@id\":\"https:\\\/\\\/www.boudet-audit.com\\\/boudet\\\/expert-comptable-commissaire-aux-comptes-94-93-75-paris-vincennes\\\/expertise-et-conseils\\\/#primaryimage\",\"url\":\"http:\\\/\\\/www.boudet-audit.com\\\/boudet\\\/wp-content\\\/uploads\\\/2015\\\/10\\\/fiduc-493x360.png\",\"contentUrl\":\"http:\\\/\\\/www.boudet-audit.com\\\/boudet\\\/wp-content\\\/uploads\\\/2015\\\/10\\\/fiduc-493x360.png\"},{\"@type\":\"BreadcrumbList\",\"@id\":\"https:\\\/\\\/www.boudet-audit.com\\\/boudet\\\/expert-comptable-commissaire-aux-comptes-94-93-75-paris-vincennes\\\/expertise-et-conseils\\\/#breadcrumb\",\"itemListElement\":[{\"@type\":\"ListItem\",\"position\":1,\"name\":\"Accueil\",\"item\":\"https:\\\/\\\/www.boudet-audit.com\\\/boudet\\\/\"},{\"@type\":\"ListItem\",\"position\":2,\"name\":\"NOS MISSIONS\",\"item\":\"https:\\\/\\\/www.boudet-audit.com\\\/boudet\\\/expert-comptable-commissaire-aux-comptes-94-93-75-paris-vincennes\\\/\"},{\"@type\":\"ListItem\",\"position\":3,\"name\":\"Expertise comptable et conseils\"}]},{\"@type\":\"WebSite\",\"@id\":\"https:\\\/\\\/www.boudet-audit.com\\\/boudet\\\/#website\",\"url\":\"https:\\\/\\\/www.boudet-audit.com\\\/boudet\\\/\",\"name\":\"BOUDET &amp; ASSOCI\u00c9S - FIDUC EXPERTS\",\"description\":\"Commissariat aux comptes &amp; Expertise comptable\",\"publisher\":{\"@id\":\"https:\\\/\\\/www.boudet-audit.com\\\/boudet\\\/#organization\"},\"potentialAction\":[{\"@type\":\"SearchAction\",\"target\":{\"@type\":\"EntryPoint\",\"urlTemplate\":\"https:\\\/\\\/www.boudet-audit.com\\\/boudet\\\/?s={search_term_string}\"},\"query-input\":{\"@type\":\"PropertyValueSpecification\",\"valueRequired\":true,\"valueName\":\"search_term_string\"}}],\"inLanguage\":\"fr-FR\"},{\"@type\":\"Organization\",\"@id\":\"https:\\\/\\\/www.boudet-audit.com\\\/boudet\\\/#organization\",\"name\":\"BOUDET & ASSOCIES - FIDUC EXPERTS\",\"url\":\"https:\\\/\\\/www.boudet-audit.com\\\/boudet\\\/\",\"logo\":{\"@type\":\"ImageObject\",\"inLanguage\":\"fr-FR\",\"@id\":\"https:\\\/\\\/www.boudet-audit.com\\\/boudet\\\/#\\\/schema\\\/logo\\\/image\\\/\",\"url\":\"https:\\\/\\\/www.boudet-audit.com\\\/boudet\\\/wp-content\\\/uploads\\\/2021\\\/01\\\/logo1.jpg\",\"contentUrl\":\"https:\\\/\\\/www.boudet-audit.com\\\/boudet\\\/wp-content\\\/uploads\\\/2021\\\/01\\\/logo1.jpg\",\"width\":800,\"height\":100,\"caption\":\"BOUDET & ASSOCIES - FIDUC EXPERTS\"},\"image\":{\"@id\":\"https:\\\/\\\/www.boudet-audit.com\\\/boudet\\\/#\\\/schema\\\/logo\\\/image\\\/\"}}]}<\/script>\n<!-- \/ Yoast SEO plugin. -->","yoast_head_json":{"title":"Expertise comptable et conseils - BOUDET &amp; ASSOCI\u00c9S - FIDUC EXPERTS","description":"FIDUC EXPERTS, votre expert-comptable - Missions : conseils et optimisation fiscale, tableaux de bord, comptabilit\u00e9, social.","robots":{"index":"index","follow":"follow","max-snippet":"max-snippet:-1","max-image-preview":"max-image-preview:large","max-video-preview":"max-video-preview:-1"},"canonical":"https:\/\/www.boudet-audit.com\/boudet\/expert-comptable-commissaire-aux-comptes-94-93-75-paris-vincennes\/expertise-et-conseils\/","og_locale":"fr_FR","og_type":"article","og_title":"Expertise comptable et conseils - BOUDET &amp; ASSOCI\u00c9S - FIDUC EXPERTS","og_description":"FIDUC EXPERTS, votre expert-comptable - Missions : conseils et optimisation fiscale, tableaux de bord, comptabilit\u00e9, social.","og_url":"https:\/\/www.boudet-audit.com\/boudet\/expert-comptable-commissaire-aux-comptes-94-93-75-paris-vincennes\/expertise-et-conseils\/","og_site_name":"BOUDET &amp; ASSOCI\u00c9S - FIDUC EXPERTS","article_modified_time":"2024-04-10T15:12:26+00:00","og_image":[{"url":"http:\/\/www.boudet-audit.com\/boudet\/wp-content\/uploads\/2015\/10\/fiduc-493x360.png","type":"","width":"","height":""}],"twitter_card":"summary_large_image","twitter_misc":{"Dur\u00e9e de lecture estim\u00e9e":"2 minutes"},"schema":{"@context":"https:\/\/schema.org","@graph":[{"@type":"WebPage","@id":"https:\/\/www.boudet-audit.com\/boudet\/expert-comptable-commissaire-aux-comptes-94-93-75-paris-vincennes\/expertise-et-conseils\/","url":"https:\/\/www.boudet-audit.com\/boudet\/expert-comptable-commissaire-aux-comptes-94-93-75-paris-vincennes\/expertise-et-conseils\/","name":"Expertise comptable et conseils - BOUDET &amp; ASSOCI\u00c9S - FIDUC EXPERTS","isPartOf":{"@id":"https:\/\/www.boudet-audit.com\/boudet\/#website"},"primaryImageOfPage":{"@id":"https:\/\/www.boudet-audit.com\/boudet\/expert-comptable-commissaire-aux-comptes-94-93-75-paris-vincennes\/expertise-et-conseils\/#primaryimage"},"image":{"@id":"https:\/\/www.boudet-audit.com\/boudet\/expert-comptable-commissaire-aux-comptes-94-93-75-paris-vincennes\/expertise-et-conseils\/#primaryimage"},"thumbnailUrl":"http:\/\/www.boudet-audit.com\/boudet\/wp-content\/uploads\/2015\/10\/fiduc-493x360.png","datePublished":"2015-09-12T06:26:46+00:00","dateModified":"2024-04-10T15:12:26+00:00","description":"FIDUC EXPERTS, votre expert-comptable - Missions : conseils et optimisation fiscale, tableaux de bord, comptabilit\u00e9, social.","breadcrumb":{"@id":"https:\/\/www.boudet-audit.com\/boudet\/expert-comptable-commissaire-aux-comptes-94-93-75-paris-vincennes\/expertise-et-conseils\/#breadcrumb"},"inLanguage":"fr-FR","potentialAction":[{"@type":"ReadAction","target":["https:\/\/www.boudet-audit.com\/boudet\/expert-comptable-commissaire-aux-comptes-94-93-75-paris-vincennes\/expertise-et-conseils\/"]}]},{"@type":"ImageObject","inLanguage":"fr-FR","@id":"https:\/\/www.boudet-audit.com\/boudet\/expert-comptable-commissaire-aux-comptes-94-93-75-paris-vincennes\/expertise-et-conseils\/#primaryimage","url":"http:\/\/www.boudet-audit.com\/boudet\/wp-content\/uploads\/2015\/10\/fiduc-493x360.png","contentUrl":"http:\/\/www.boudet-audit.com\/boudet\/wp-content\/uploads\/2015\/10\/fiduc-493x360.png"},{"@type":"BreadcrumbList","@id":"https:\/\/www.boudet-audit.com\/boudet\/expert-comptable-commissaire-aux-comptes-94-93-75-paris-vincennes\/expertise-et-conseils\/#breadcrumb","itemListElement":[{"@type":"ListItem","position":1,"name":"Accueil","item":"https:\/\/www.boudet-audit.com\/boudet\/"},{"@type":"ListItem","position":2,"name":"NOS MISSIONS","item":"https:\/\/www.boudet-audit.com\/boudet\/expert-comptable-commissaire-aux-comptes-94-93-75-paris-vincennes\/"},{"@type":"ListItem","position":3,"name":"Expertise comptable et conseils"}]},{"@type":"WebSite","@id":"https:\/\/www.boudet-audit.com\/boudet\/#website","url":"https:\/\/www.boudet-audit.com\/boudet\/","name":"BOUDET &amp; ASSOCI\u00c9S - FIDUC EXPERTS","description":"Commissariat aux comptes &amp; Expertise comptable","publisher":{"@id":"https:\/\/www.boudet-audit.com\/boudet\/#organization"},"potentialAction":[{"@type":"SearchAction","target":{"@type":"EntryPoint","urlTemplate":"https:\/\/www.boudet-audit.com\/boudet\/?s={search_term_string}"},"query-input":{"@type":"PropertyValueSpecification","valueRequired":true,"valueName":"search_term_string"}}],"inLanguage":"fr-FR"},{"@type":"Organization","@id":"https:\/\/www.boudet-audit.com\/boudet\/#organization","name":"BOUDET & ASSOCIES - FIDUC EXPERTS","url":"https:\/\/www.boudet-audit.com\/boudet\/","logo":{"@type":"ImageObject","inLanguage":"fr-FR","@id":"https:\/\/www.boudet-audit.com\/boudet\/#\/schema\/logo\/image\/","url":"https:\/\/www.boudet-audit.com\/boudet\/wp-content\/uploads\/2021\/01\/logo1.jpg","contentUrl":"https:\/\/www.boudet-audit.com\/boudet\/wp-content\/uploads\/2021\/01\/logo1.jpg","width":800,"height":100,"caption":"BOUDET & ASSOCIES - FIDUC EXPERTS"},"image":{"@id":"https:\/\/www.boudet-audit.com\/boudet\/#\/schema\/logo\/image\/"}}]}},"_links":{"self":[{"href":"https:\/\/www.boudet-audit.com\/boudet\/wp-json\/wp\/v2\/pages\/708","targetHints":{"allow":["GET"]}}],"collection":[{"href":"https:\/\/www.boudet-audit.com\/boudet\/wp-json\/wp\/v2\/pages"}],"about":[{"href":"https:\/\/www.boudet-audit.com\/boudet\/wp-json\/wp\/v2\/types\/page"}],"author":[{"embeddable":true,"href":"https:\/\/www.boudet-audit.com\/boudet\/wp-json\/wp\/v2\/users\/1"}],"replies":[{"embeddable":true,"href":"https:\/\/www.boudet-audit.com\/boudet\/wp-json\/wp\/v2\/comments?post=708"}],"version-history":[{"count":49,"href":"https:\/\/www.boudet-audit.com\/boudet\/wp-json\/wp\/v2\/pages\/708\/revisions"}],"predecessor-version":[{"id":4592,"href":"https:\/\/www.boudet-audit.com\/boudet\/wp-json\/wp\/v2\/pages\/708\/revisions\/4592"}],"up":[{"embeddable":true,"href":"https:\/\/www.boudet-audit.com\/boudet\/wp-json\/wp\/v2\/pages\/701"}],"wp:attachment":[{"href":"https:\/\/www.boudet-audit.com\/boudet\/wp-json\/wp\/v2\/media?parent=708"}],"curies":[{"name":"wp","href":"https:\/\/api.w.org\/{rel}","templated":true}]}}