{"id":712,"date":"2015-09-12T06:28:07","date_gmt":"2015-09-12T06:28:07","guid":{"rendered":"http:\/\/www.rouillier.com\/fiduc1\/?page_id=712"},"modified":"2024-03-13T14:50:58","modified_gmt":"2024-03-13T13:50:58","slug":"pourquoi","status":"publish","type":"page","link":"https:\/\/www.boudet-audit.com\/boudet\/expert-comptable-commissaire-aux-comptes-94-93-75-paris-vincennes-3\/pourquoi\/","title":{"rendered":"Pourquoi nos clients nous font-ils confiance ?"},"content":{"rendered":"<p>&nbsp;&nbsp;&nbsp;<\/p>\n<p>Nous tissons une relation de longue date avec nos clients. Cette <strong>fid\u00e9lit\u00e9<\/strong> est un gage de confiance et de <strong>qualit\u00e9<\/strong> de notre accompagnement.<\/p>\n<p>Ils nous ont choisis :<\/p>\n<p><span class=\"azur\">Pour notre philosophie<\/span><\/p>\n<p>Elle consiste \u00e0 <strong>alerter<\/strong> le dirigeant sur les risques que court son entreprise en mati\u00e8re comptable, fiscale, sociale et juridique.<br \/>\nNous nous positionnons en tant que <strong>conseiller<\/strong> du dirigeant. Si besoin, nous le mettons en relation avec nos partenaires sp\u00e9cialis\u00e9s (avocats\u2026).<br \/>\nNotre approche client s\u2019apparente \u00e0 celle du m\u00e9decin de famille&nbsp;: bien conna\u00eetre l\u2019entreprise, \u00e9tablir une relation de confiance, diagnostiquer ses probl\u00e9matiques pour lui apporter les recommandations les plus adapt\u00e9es.<\/p>\n<p><span class=\"azur\">Pour nos valeurs et notre comp\u00e9tence<\/span><\/p>\n<p><strong>R\u00e9activit\u00e9 et disponibilit\u00e9&nbsp;<\/strong>: capacit\u00e9 \u00e0 mobiliser rapidement des \u00e9quipes ;<br \/>\n<strong>Efficacit\u00e9&nbsp;et sens du dialogue<\/strong> : travail en synergie avec les collaborateurs et partenaires de l\u2019entit\u00e9 ;<br \/>\n<strong>Proximit\u00e9<\/strong>&nbsp;: implication directe de l\u2019associ\u00e9 signataire dans l\u2019ensemble des dossiers ;<br \/>\n<strong>Comp\u00e9tence<\/strong>&nbsp;: associ\u00e9 \u00e9paul\u00e9 par une \u00e9quipe d\u00e9di\u00e9e et de haut niveau.<\/p>\n<p><span class=\"azur\">Pour nos qualit\u00e9s<\/span><\/p>\n<p>Voici les 5 principales qualit\u00e9s cit\u00e9es par nos clients&nbsp;:<br \/>\n<img loading=\"lazy\" decoding=\"async\" src=\"https:\/\/www.boudet-audit.com\/boudet\/wp-content\/uploads\/2015\/10\/note.png\" alt=\"note\" width=\"687\" height=\"518\"><\/p>\n<div class=\"pdfprnt-buttons pdfprnt-buttons-page pdfprnt-bottom-right\"><a href=\"https:\/\/www.boudet-audit.com\/boudet\/wp-json\/wp\/v2\/pages\/712?print=pdf\" class=\"pdfprnt-button pdfprnt-button-pdf\" target=\"_blank\" ><img decoding=\"async\" src=\"http:\/\/www.boudet-audit.com\/boudet\/wp-content\/plugins\/pdf-print\/images\/pdf.png\" alt=\"image_pdf\" title=\"Afficher le PDF\" \/><\/a><a href=\"https:\/\/www.boudet-audit.com\/boudet\/wp-json\/wp\/v2\/pages\/712?print=print\" class=\"pdfprnt-button pdfprnt-button-print\" target=\"_blank\" ><img decoding=\"async\" src=\"http:\/\/www.boudet-audit.com\/boudet\/wp-content\/plugins\/pdf-print\/images\/print.png\" alt=\"image_print\" title=\"Contenu imprim\u00e9\" \/><\/a><\/div>","protected":false},"excerpt":{"rendered":"<p>&nbsp;&nbsp;&nbsp; Nous tissons une relation de longue date avec nos clients. Cette fid\u00e9lit\u00e9 est un gage de confiance et de qualit\u00e9 de notre accompagnement. Ils nous ont choisis : Pour notre philosophie Elle consiste \u00e0 alerter le dirigeant sur les risques que court son entreprise en mati\u00e8re comptable, fiscale, sociale et juridique. Nous nous positionnons&hellip;<\/p>\n","protected":false},"author":1,"featured_media":0,"parent":710,"menu_order":10,"comment_status":"closed","ping_status":"closed","template":"","meta":{"footnotes":""},"class_list":["post-712","page","type-page","status-publish","hentry","entry","no-media"],"yoast_head":"<!-- This site is optimized with the Yoast SEO plugin v27.4 - https:\/\/yoast.com\/product\/yoast-seo-wordpress\/ -->\n<title>Pourquoi nos clients nous font-ils confiance ? - BOUDET &amp; ASSOCI\u00c9S - FIDUC EXPERTS<\/title>\n<meta name=\"description\" content=\"Nos clients nous font confiance pour notre comp\u00e9tence, nos qualit\u00e9s et nos valeurs - Equipe de haut niveau, r\u00e9active, disponible, proche, pragmatique.\" \/>\n<meta name=\"robots\" content=\"index, follow, max-snippet:-1, max-image-preview:large, max-video-preview:-1\" \/>\n<link rel=\"canonical\" href=\"https:\/\/www.boudet-audit.com\/boudet\/expert-comptable-commissaire-aux-comptes-94-93-75-paris-vincennes-3\/pourquoi\/\" \/>\n<meta property=\"og:locale\" content=\"fr_FR\" \/>\n<meta property=\"og:type\" content=\"article\" \/>\n<meta property=\"og:title\" content=\"Pourquoi nos clients nous font-ils confiance ? - BOUDET &amp; ASSOCI\u00c9S - FIDUC EXPERTS\" \/>\n<meta property=\"og:description\" content=\"Nos clients nous font confiance pour notre comp\u00e9tence, nos qualit\u00e9s et nos valeurs - Equipe de haut niveau, r\u00e9active, disponible, proche, pragmatique.\" \/>\n<meta property=\"og:url\" content=\"https:\/\/www.boudet-audit.com\/boudet\/expert-comptable-commissaire-aux-comptes-94-93-75-paris-vincennes-3\/pourquoi\/\" \/>\n<meta property=\"og:site_name\" content=\"BOUDET &amp; ASSOCI\u00c9S - FIDUC EXPERTS\" \/>\n<meta property=\"article:modified_time\" content=\"2024-03-13T13:50:58+00:00\" \/>\n<meta property=\"og:image\" content=\"http:\/\/www.boudet-audit.com\/boudet\/wp-content\/uploads\/2015\/10\/note.png\" \/>\n<meta name=\"twitter:card\" content=\"summary_large_image\" \/>\n<meta name=\"twitter:label1\" content=\"Dur\u00e9e de lecture estim\u00e9e\" \/>\n\t<meta name=\"twitter:data1\" content=\"2 minutes\" \/>\n<script type=\"application\/ld+json\" class=\"yoast-schema-graph\">{\"@context\":\"https:\\\/\\\/schema.org\",\"@graph\":[{\"@type\":\"WebPage\",\"@id\":\"https:\\\/\\\/www.boudet-audit.com\\\/boudet\\\/expert-comptable-commissaire-aux-comptes-94-93-75-paris-vincennes-3\\\/pourquoi\\\/\",\"url\":\"https:\\\/\\\/www.boudet-audit.com\\\/boudet\\\/expert-comptable-commissaire-aux-comptes-94-93-75-paris-vincennes-3\\\/pourquoi\\\/\",\"name\":\"Pourquoi nos clients nous font-ils confiance ? - BOUDET &amp; ASSOCI\u00c9S - FIDUC EXPERTS\",\"isPartOf\":{\"@id\":\"https:\\\/\\\/www.boudet-audit.com\\\/boudet\\\/#website\"},\"primaryImageOfPage\":{\"@id\":\"https:\\\/\\\/www.boudet-audit.com\\\/boudet\\\/expert-comptable-commissaire-aux-comptes-94-93-75-paris-vincennes-3\\\/pourquoi\\\/#primaryimage\"},\"image\":{\"@id\":\"https:\\\/\\\/www.boudet-audit.com\\\/boudet\\\/expert-comptable-commissaire-aux-comptes-94-93-75-paris-vincennes-3\\\/pourquoi\\\/#primaryimage\"},\"thumbnailUrl\":\"http:\\\/\\\/www.boudet-audit.com\\\/boudet\\\/wp-content\\\/uploads\\\/2015\\\/10\\\/note.png\",\"datePublished\":\"2015-09-12T06:28:07+00:00\",\"dateModified\":\"2024-03-13T13:50:58+00:00\",\"description\":\"Nos clients nous font confiance pour notre comp\u00e9tence, nos qualit\u00e9s et nos valeurs - Equipe de haut niveau, r\u00e9active, disponible, proche, pragmatique.\",\"breadcrumb\":{\"@id\":\"https:\\\/\\\/www.boudet-audit.com\\\/boudet\\\/expert-comptable-commissaire-aux-comptes-94-93-75-paris-vincennes-3\\\/pourquoi\\\/#breadcrumb\"},\"inLanguage\":\"fr-FR\",\"potentialAction\":[{\"@type\":\"ReadAction\",\"target\":[\"https:\\\/\\\/www.boudet-audit.com\\\/boudet\\\/expert-comptable-commissaire-aux-comptes-94-93-75-paris-vincennes-3\\\/pourquoi\\\/\"]}]},{\"@type\":\"ImageObject\",\"inLanguage\":\"fr-FR\",\"@id\":\"https:\\\/\\\/www.boudet-audit.com\\\/boudet\\\/expert-comptable-commissaire-aux-comptes-94-93-75-paris-vincennes-3\\\/pourquoi\\\/#primaryimage\",\"url\":\"http:\\\/\\\/www.boudet-audit.com\\\/boudet\\\/wp-content\\\/uploads\\\/2015\\\/10\\\/note.png\",\"contentUrl\":\"http:\\\/\\\/www.boudet-audit.com\\\/boudet\\\/wp-content\\\/uploads\\\/2015\\\/10\\\/note.png\"},{\"@type\":\"BreadcrumbList\",\"@id\":\"https:\\\/\\\/www.boudet-audit.com\\\/boudet\\\/expert-comptable-commissaire-aux-comptes-94-93-75-paris-vincennes-3\\\/pourquoi\\\/#breadcrumb\",\"itemListElement\":[{\"@type\":\"ListItem\",\"position\":1,\"name\":\"Accueil\",\"item\":\"https:\\\/\\\/www.boudet-audit.com\\\/boudet\\\/\"},{\"@type\":\"ListItem\",\"position\":2,\"name\":\"ILS NOUS FONT CONFIANCE\",\"item\":\"https:\\\/\\\/www.boudet-audit.com\\\/boudet\\\/expert-comptable-commissaire-aux-comptes-94-93-75-paris-vincennes-3\\\/\"},{\"@type\":\"ListItem\",\"position\":3,\"name\":\"Pourquoi nos clients nous font-ils confiance ?\"}]},{\"@type\":\"WebSite\",\"@id\":\"https:\\\/\\\/www.boudet-audit.com\\\/boudet\\\/#website\",\"url\":\"https:\\\/\\\/www.boudet-audit.com\\\/boudet\\\/\",\"name\":\"BOUDET &amp; ASSOCI\u00c9S - FIDUC EXPERTS\",\"description\":\"Commissariat aux comptes &amp; Expertise comptable\",\"publisher\":{\"@id\":\"https:\\\/\\\/www.boudet-audit.com\\\/boudet\\\/#organization\"},\"potentialAction\":[{\"@type\":\"SearchAction\",\"target\":{\"@type\":\"EntryPoint\",\"urlTemplate\":\"https:\\\/\\\/www.boudet-audit.com\\\/boudet\\\/?s={search_term_string}\"},\"query-input\":{\"@type\":\"PropertyValueSpecification\",\"valueRequired\":true,\"valueName\":\"search_term_string\"}}],\"inLanguage\":\"fr-FR\"},{\"@type\":\"Organization\",\"@id\":\"https:\\\/\\\/www.boudet-audit.com\\\/boudet\\\/#organization\",\"name\":\"BOUDET & ASSOCIES - FIDUC EXPERTS\",\"url\":\"https:\\\/\\\/www.boudet-audit.com\\\/boudet\\\/\",\"logo\":{\"@type\":\"ImageObject\",\"inLanguage\":\"fr-FR\",\"@id\":\"https:\\\/\\\/www.boudet-audit.com\\\/boudet\\\/#\\\/schema\\\/logo\\\/image\\\/\",\"url\":\"https:\\\/\\\/www.boudet-audit.com\\\/boudet\\\/wp-content\\\/uploads\\\/2021\\\/01\\\/logo1.jpg\",\"contentUrl\":\"https:\\\/\\\/www.boudet-audit.com\\\/boudet\\\/wp-content\\\/uploads\\\/2021\\\/01\\\/logo1.jpg\",\"width\":800,\"height\":100,\"caption\":\"BOUDET & ASSOCIES - FIDUC EXPERTS\"},\"image\":{\"@id\":\"https:\\\/\\\/www.boudet-audit.com\\\/boudet\\\/#\\\/schema\\\/logo\\\/image\\\/\"}}]}<\/script>\n<!-- \/ Yoast SEO plugin. -->","yoast_head_json":{"title":"Pourquoi nos clients nous font-ils confiance ? - BOUDET &amp; ASSOCI\u00c9S - FIDUC EXPERTS","description":"Nos clients nous font confiance pour notre comp\u00e9tence, nos qualit\u00e9s et nos valeurs - Equipe de haut niveau, r\u00e9active, disponible, proche, pragmatique.","robots":{"index":"index","follow":"follow","max-snippet":"max-snippet:-1","max-image-preview":"max-image-preview:large","max-video-preview":"max-video-preview:-1"},"canonical":"https:\/\/www.boudet-audit.com\/boudet\/expert-comptable-commissaire-aux-comptes-94-93-75-paris-vincennes-3\/pourquoi\/","og_locale":"fr_FR","og_type":"article","og_title":"Pourquoi nos clients nous font-ils confiance ? - BOUDET &amp; ASSOCI\u00c9S - FIDUC EXPERTS","og_description":"Nos clients nous font confiance pour notre comp\u00e9tence, nos qualit\u00e9s et nos valeurs - Equipe de haut niveau, r\u00e9active, disponible, proche, pragmatique.","og_url":"https:\/\/www.boudet-audit.com\/boudet\/expert-comptable-commissaire-aux-comptes-94-93-75-paris-vincennes-3\/pourquoi\/","og_site_name":"BOUDET &amp; ASSOCI\u00c9S - FIDUC EXPERTS","article_modified_time":"2024-03-13T13:50:58+00:00","og_image":[{"url":"http:\/\/www.boudet-audit.com\/boudet\/wp-content\/uploads\/2015\/10\/note.png","type":"","width":"","height":""}],"twitter_card":"summary_large_image","twitter_misc":{"Dur\u00e9e de lecture estim\u00e9e":"2 minutes"},"schema":{"@context":"https:\/\/schema.org","@graph":[{"@type":"WebPage","@id":"https:\/\/www.boudet-audit.com\/boudet\/expert-comptable-commissaire-aux-comptes-94-93-75-paris-vincennes-3\/pourquoi\/","url":"https:\/\/www.boudet-audit.com\/boudet\/expert-comptable-commissaire-aux-comptes-94-93-75-paris-vincennes-3\/pourquoi\/","name":"Pourquoi nos clients nous font-ils confiance ? - BOUDET &amp; ASSOCI\u00c9S - FIDUC EXPERTS","isPartOf":{"@id":"https:\/\/www.boudet-audit.com\/boudet\/#website"},"primaryImageOfPage":{"@id":"https:\/\/www.boudet-audit.com\/boudet\/expert-comptable-commissaire-aux-comptes-94-93-75-paris-vincennes-3\/pourquoi\/#primaryimage"},"image":{"@id":"https:\/\/www.boudet-audit.com\/boudet\/expert-comptable-commissaire-aux-comptes-94-93-75-paris-vincennes-3\/pourquoi\/#primaryimage"},"thumbnailUrl":"http:\/\/www.boudet-audit.com\/boudet\/wp-content\/uploads\/2015\/10\/note.png","datePublished":"2015-09-12T06:28:07+00:00","dateModified":"2024-03-13T13:50:58+00:00","description":"Nos clients nous font confiance pour notre comp\u00e9tence, nos qualit\u00e9s et nos valeurs - Equipe de haut niveau, r\u00e9active, disponible, proche, pragmatique.","breadcrumb":{"@id":"https:\/\/www.boudet-audit.com\/boudet\/expert-comptable-commissaire-aux-comptes-94-93-75-paris-vincennes-3\/pourquoi\/#breadcrumb"},"inLanguage":"fr-FR","potentialAction":[{"@type":"ReadAction","target":["https:\/\/www.boudet-audit.com\/boudet\/expert-comptable-commissaire-aux-comptes-94-93-75-paris-vincennes-3\/pourquoi\/"]}]},{"@type":"ImageObject","inLanguage":"fr-FR","@id":"https:\/\/www.boudet-audit.com\/boudet\/expert-comptable-commissaire-aux-comptes-94-93-75-paris-vincennes-3\/pourquoi\/#primaryimage","url":"http:\/\/www.boudet-audit.com\/boudet\/wp-content\/uploads\/2015\/10\/note.png","contentUrl":"http:\/\/www.boudet-audit.com\/boudet\/wp-content\/uploads\/2015\/10\/note.png"},{"@type":"BreadcrumbList","@id":"https:\/\/www.boudet-audit.com\/boudet\/expert-comptable-commissaire-aux-comptes-94-93-75-paris-vincennes-3\/pourquoi\/#breadcrumb","itemListElement":[{"@type":"ListItem","position":1,"name":"Accueil","item":"https:\/\/www.boudet-audit.com\/boudet\/"},{"@type":"ListItem","position":2,"name":"ILS NOUS FONT CONFIANCE","item":"https:\/\/www.boudet-audit.com\/boudet\/expert-comptable-commissaire-aux-comptes-94-93-75-paris-vincennes-3\/"},{"@type":"ListItem","position":3,"name":"Pourquoi nos clients nous font-ils confiance ?"}]},{"@type":"WebSite","@id":"https:\/\/www.boudet-audit.com\/boudet\/#website","url":"https:\/\/www.boudet-audit.com\/boudet\/","name":"BOUDET &amp; ASSOCI\u00c9S - FIDUC EXPERTS","description":"Commissariat aux comptes &amp; Expertise comptable","publisher":{"@id":"https:\/\/www.boudet-audit.com\/boudet\/#organization"},"potentialAction":[{"@type":"SearchAction","target":{"@type":"EntryPoint","urlTemplate":"https:\/\/www.boudet-audit.com\/boudet\/?s={search_term_string}"},"query-input":{"@type":"PropertyValueSpecification","valueRequired":true,"valueName":"search_term_string"}}],"inLanguage":"fr-FR"},{"@type":"Organization","@id":"https:\/\/www.boudet-audit.com\/boudet\/#organization","name":"BOUDET & ASSOCIES - FIDUC EXPERTS","url":"https:\/\/www.boudet-audit.com\/boudet\/","logo":{"@type":"ImageObject","inLanguage":"fr-FR","@id":"https:\/\/www.boudet-audit.com\/boudet\/#\/schema\/logo\/image\/","url":"https:\/\/www.boudet-audit.com\/boudet\/wp-content\/uploads\/2021\/01\/logo1.jpg","contentUrl":"https:\/\/www.boudet-audit.com\/boudet\/wp-content\/uploads\/2021\/01\/logo1.jpg","width":800,"height":100,"caption":"BOUDET & ASSOCIES - FIDUC EXPERTS"},"image":{"@id":"https:\/\/www.boudet-audit.com\/boudet\/#\/schema\/logo\/image\/"}}]}},"_links":{"self":[{"href":"https:\/\/www.boudet-audit.com\/boudet\/wp-json\/wp\/v2\/pages\/712","targetHints":{"allow":["GET"]}}],"collection":[{"href":"https:\/\/www.boudet-audit.com\/boudet\/wp-json\/wp\/v2\/pages"}],"about":[{"href":"https:\/\/www.boudet-audit.com\/boudet\/wp-json\/wp\/v2\/types\/page"}],"author":[{"embeddable":true,"href":"https:\/\/www.boudet-audit.com\/boudet\/wp-json\/wp\/v2\/users\/1"}],"replies":[{"embeddable":true,"href":"https:\/\/www.boudet-audit.com\/boudet\/wp-json\/wp\/v2\/comments?post=712"}],"version-history":[{"count":16,"href":"https:\/\/www.boudet-audit.com\/boudet\/wp-json\/wp\/v2\/pages\/712\/revisions"}],"predecessor-version":[{"id":4515,"href":"https:\/\/www.boudet-audit.com\/boudet\/wp-json\/wp\/v2\/pages\/712\/revisions\/4515"}],"up":[{"embeddable":true,"href":"https:\/\/www.boudet-audit.com\/boudet\/wp-json\/wp\/v2\/pages\/710"}],"wp:attachment":[{"href":"https:\/\/www.boudet-audit.com\/boudet\/wp-json\/wp\/v2\/media?parent=712"}],"curies":[{"name":"wp","href":"https:\/\/api.w.org\/{rel}","templated":true}]}}