{"id":721,"date":"2015-09-12T06:29:16","date_gmt":"2015-09-12T06:29:16","guid":{"rendered":"http:\/\/www.rouillier.com\/fiduc1\/?page_id=716"},"modified":"2024-04-12T20:30:54","modified_gmt":"2024-04-12T19:30:54","slug":"temoignages","status":"publish","type":"page","link":"https:\/\/www.boudet-audit.com\/boudet\/expert-comptable-commissaire-aux-comptes-94-93-75-paris-vincennes-3\/temoignages\/","title":{"rendered":"T\u00e9moignages clients"},"content":{"rendered":"<p>Voici quelques t\u00e9moignages de clients que nous accompagnons\u00a0:<\/p>\n<p><span class=\"azur\">En commissariat aux comptes\u00a0:<\/span><\/p>\n<p style=\"text-align: justify;\"><strong>Chez ADI, BOUDET &amp; ASSOCIES est commissaire aux comptes depuis plus de 30 ans et a su accompagner la croissance\u2026<\/strong><\/p>\n<p><em>Par Didier SAYROUS, dirigeant du groupe ADI<\/em><\/p>\n<p style=\"text-align: justify;\">\u00ab\u00a0Le cabinet nous suit depuis 1991. Apr\u00e8s le d\u00e9part en retraite de son fondateur, nous avons continu\u00e9 \u00e0 collaborer avec son successeur Olivier LEDUC, et cela avec autant de satisfaction.<br \/>\nEffectivement, au-del\u00e0 de s&rsquo;assurer de la conformit\u00e9 de nos comptes vis-\u00e0-vis de la loi, il participe aux r\u00e9flexions portant sur nos probl\u00e9matiques juridiques, fiscales et financi\u00e8res aux c\u00f4t\u00e9s de nos avocats et expert-comptable.<br \/>\nNous n&rsquo;h\u00e9siterons pas \u00e0 recommander Olivier LEDUC pour son sens de l&rsquo;\u00e9coute et son pragmatisme, mais aussi pour sa proximit\u00e9 avec l&rsquo;organisation de notre entreprise et sa capacit\u00e9 \u00e0 \u00e9mettre des recommandations pertinentes, issues d&rsquo;une collaboration fructueuse avec nos autres conseils.<br \/>\nEn plus de 30 ans, notre soci\u00e9t\u00e9 est pass\u00e9e de 5 \u00e0 moins de 200 salari\u00e9s. Sa connaissance de notre entreprise, ses connaissances toujours actualis\u00e9es et son implication en font une excellente force de proposition.\u00a0\u00bb<\/p>\n<p style=\"text-align: justify;\"><span class=\"azur\">En expertise comptable, puis en commissariat aux comptes &amp; audit dans le cadre de lev\u00e9es de fonds :<br \/>\n<\/span><\/p>\n<p style=\"text-align: justify;\"><strong>Chez DIOTASOFT, secteur des nouvelles technologies, le cabinet a su, par ses comp\u00e9tences fiscales et ses conseils organisationnels, accompagner le d\u00e9veloppement de la soci\u00e9t\u00e9 depuis sa cr\u00e9ation\u2026<\/strong><\/p>\n<p><em>Par Lionnel JOUSSEMET, dirigeant de DIOTASOFT<\/em><\/p>\n<p style=\"text-align: justify;\">\u00ab\u00a0Nous travaillons avec Olivier LEDUC depuis 2009, ann\u00e9e de cr\u00e9ation de DIOTASOFT. Notre soci\u00e9t\u00e9 \u00e9tait une jeune entreprise innovante (JEI) port\u00e9e sur des projets de r\u00e9alit\u00e9 augment\u00e9e. En tant que jeunes cr\u00e9ateurs, nous ignorions les contraintes comptables qui p\u00e8sent sur les entreprises !<br \/>\nAvec p\u00e9dagogie et patience, Olivier nous les a expliqu\u00e9es. Il nous a aussi aid\u00e9s dans l&rsquo;organisation \u00e9volutive de la fonction administrative.<br \/>\nNous avons \u00e9galement appr\u00e9ci\u00e9 ses connaissances en mati\u00e8re fiscale, toujours \u00e0 la pointe de l&rsquo;actualit\u00e9. En effet, suite \u00e0 un changement de loi dans la d\u00e9termination du cr\u00e9dit imp\u00f4t recherche (CIR), une cat\u00e9gorie de charges ne pouvait plus rentrer dans la base de calcul. Si notre avocat fiscaliste ne s&rsquo;en est pas aper\u00e7u, cela n&rsquo;a pas \u00e9chapp\u00e9 \u00e0 notre expert-comptable !<br \/>\nSes conseils avis\u00e9s en font un partenaire indispensable dans le pilotage de notre entreprise.<br \/>\nExpert-comptable \u00e0 la cr\u00e9ation de DIOTASOFT, il est devenu notre commissaire aux comptes dans le cadre de notre croissance. Au-del\u00e0 de sa mission l\u00e9gale, c&rsquo;est avec une grande r\u00e9activit\u00e9 qu&rsquo;il a pu nous accompagner lors de lev\u00e9es de fonds successives dans le cadre d&rsquo;entr\u00e9es d&rsquo;investisseurs dans notre capital.\u00a0\u00bb<\/p>\n<p style=\"text-align: justify;\"><span class=\"azur\">En expertise comptable, \u00e9valuation et conseil :<br \/>\n<\/span><\/p>\n<p style=\"text-align: justify;\"><strong>Chez LA CREMERIE PARISIENNE, grossiste au March\u00e9 d\u2019Int\u00e9r\u00eat National (MIN) de Rungis, FIDUC EXPERTS a su d\u00e9terminer la juste valeur de la soci\u00e9t\u00e9 pour racheter les participations d\u00e9tenues par des associ\u00e9s<\/strong><strong> minoritaires et accompagner le d\u00e9veloppement de la soci\u00e9t\u00e9 par ses comp\u00e9tences fiscales et ses conseils organisationnels\u2026<\/strong><\/p>\n<p><em>Par Fran\u00e7ois BOUDIN, dirigeant de LA CREMERIE PARISIENNE<\/em><\/p>\n<p style=\"text-align: justify;\">\u00ab\u00a0Notre soci\u00e9t\u00e9 est grossiste au pavillon beurre &#8211; \u0153ufs &#8211; fromages du MIN de Rungis depuis trois g\u00e9n\u00e9rations. Nous travaillons avec Olivier LEDUC depuis 2013. Cette ann\u00e9e-l\u00e0, il a \u00e9valu\u00e9 la soci\u00e9t\u00e9 pour me permettre de racheter des minoritaires.<br \/>\nIl a \u00e9galement conduit une seconde \u00e9valuation r\u00e9cemment afin de faire entrer de nouveaux associ\u00e9s. A chaque fois, il est parvenu \u00e0 travailler en bonne intelligence avec les conseils des diff\u00e9rentes parties et \u00e0 respecter les d\u00e9lais courts fix\u00e9s par les avocats.<br \/>\nEntre temps, il est devenu notre expert-comptable. Ses conseils avis\u00e9s en font un partenaire indispensable dans le pilotage de notre entreprise.\u00a0\u00bb<\/p>\n<p><span class=\"azur\">En commissariat aux apports :<\/span><\/p>\n<p style=\"text-align: justify;\"><strong>Chez VALMAY, le commissariat aux apports men\u00e9 par le cabinet a permis aux actionnaires de restructurer leur patrimoine par la cr\u00e9ation d\u2019un holding\u2026<\/strong><\/p>\n<p><em>Par Sylvain VALENTINI, dirigeant de VALMAY<\/em><\/p>\n<p style=\"text-align: justify;\">\u00ab\u00a0Olivier LEDUC nous a \u00e9t\u00e9 chaudement recommand\u00e9 par notre avocate. En effet, nous souhaitions r\u00e9organiser notre patrimoine en apportant les titres que nous d\u00e9tenions au sein de notre soci\u00e9t\u00e9 d\u2019exploitation \u00e0 un holding cr\u00e9\u00e9 pour l\u2019occasion.<br \/>\nOlivier LEDUC nous a expliqu\u00e9 avec p\u00e9dagogie la finalit\u00e9 de son r\u00f4le de commissaire aux apports. Gr\u00e2ce \u00e0 son exp\u00e9rience et son organisation, la mission a \u00e9t\u00e9 conduite avec efficacit\u00e9 et respect du planning fix\u00e9. Nous le recommandons sans h\u00e9sitation pour son professionnalisme et sa r\u00e9activit\u00e9.\u00a0\u00bb<\/p>\n<p><span class=\"azur\">En audit d\u2019acquisition\u00a0:<\/span><\/p>\n<p style=\"text-align: justify;\"><strong>Chez HOTEL LES AJONCS D&rsquo;OR, l&rsquo;audit d&rsquo;acquisition men\u00e9 par le cabinet a permis d&rsquo;ajuster le prix de transaction de l&rsquo;h\u00f4tel et de rassurer les repreneurs\u2026<\/strong><\/p>\n<p><em>Par Philippe FERET et Thierry PHILIPPE, dirigeants de l&rsquo;HOTEL LES AJONCS D&rsquo;OR<\/em><\/p>\n<p style=\"text-align: justify;\">\u00ab\u00a0Olivier LEDUC audite nos comptes depuis 2008. A cette \u00e9poque, nous exploitions un h\u00f4tel sur Paris. Puis nous avons achet\u00e9 un h\u00f4tel \u00e0 Saint-Malo. A cette occasion, nous lui avons demand\u00e9 de r\u00e9aliser un audit d&rsquo;acquisition.<br \/>\nAvec disponibilit\u00e9 et professionnalisme, il s&rsquo;est adapt\u00e9 au planning de la transaction et nous a remis son rapport en moins de huit jours.<br \/>\nDepuis, il est le commissaire aux comptes de notre h\u00f4tel. Chaque ann\u00e9e, il vient \u00e0 Saint-Malo r\u00e9aliser son audit. L&rsquo;\u00e9loignement n&rsquo;est nullement un frein. Apr\u00e8s avoir contr\u00f4l\u00e9 nos comptes, Olivier LEDUC \u00ab\u00a0fait parler\u00a0\u00bb nos chiffres. Nous appr\u00e9cions ses analyses et ses recommandations.\u00a0\u00bb<\/p>\n<div class=\"pdfprnt-buttons pdfprnt-buttons-page pdfprnt-bottom-right\"><a href=\"https:\/\/www.boudet-audit.com\/boudet\/wp-json\/wp\/v2\/pages\/721?print=pdf\" class=\"pdfprnt-button pdfprnt-button-pdf\" target=\"_blank\" ><img decoding=\"async\" src=\"http:\/\/www.boudet-audit.com\/boudet\/wp-content\/plugins\/pdf-print\/images\/pdf.png\" alt=\"image_pdf\" title=\"Afficher le PDF\" \/><\/a><a href=\"https:\/\/www.boudet-audit.com\/boudet\/wp-json\/wp\/v2\/pages\/721?print=print\" class=\"pdfprnt-button pdfprnt-button-print\" target=\"_blank\" ><img decoding=\"async\" src=\"http:\/\/www.boudet-audit.com\/boudet\/wp-content\/plugins\/pdf-print\/images\/print.png\" alt=\"image_print\" title=\"Contenu imprim\u00e9\" \/><\/a><\/div>","protected":false},"excerpt":{"rendered":"<p>Voici quelques t\u00e9moignages de clients que nous accompagnons\u00a0: En commissariat aux comptes\u00a0: Chez ADI, BOUDET &amp; ASSOCIES est commissaire aux comptes depuis plus de 30 ans et a su accompagner la croissance\u2026 Par Didier SAYROUS, dirigeant du groupe ADI \u00ab\u00a0Le cabinet nous suit depuis 1991. Apr\u00e8s le d\u00e9part en retraite de son fondateur, nous avons&hellip;<\/p>\n","protected":false},"author":1,"featured_media":0,"parent":710,"menu_order":30,"comment_status":"closed","ping_status":"closed","template":"","meta":{"footnotes":""},"class_list":["post-721","page","type-page","status-publish","hentry","entry","no-media"],"yoast_head":"<!-- This site is optimized with the Yoast SEO plugin v27.4 - https:\/\/yoast.com\/product\/yoast-seo-wordpress\/ -->\n<title>T\u00e9moignages clients - BOUDET &amp; ASSOCIES - FIDUC EXPERTS<\/title>\n<meta name=\"description\" content=\"Quelques t\u00e9moignages de clients que nous accompagnons.\" \/>\n<meta name=\"robots\" content=\"index, follow, max-snippet:-1, max-image-preview:large, max-video-preview:-1\" \/>\n<link rel=\"canonical\" href=\"https:\/\/www.boudet-audit.com\/boudet\/expert-comptable-commissaire-aux-comptes-94-93-75-paris-vincennes-3\/temoignages\/\" \/>\n<meta property=\"og:locale\" content=\"fr_FR\" \/>\n<meta property=\"og:type\" content=\"article\" \/>\n<meta property=\"og:title\" content=\"T\u00e9moignages clients - BOUDET &amp; ASSOCIES - FIDUC EXPERTS\" \/>\n<meta property=\"og:description\" content=\"Quelques t\u00e9moignages de clients que nous accompagnons.\" \/>\n<meta property=\"og:url\" content=\"https:\/\/www.boudet-audit.com\/boudet\/expert-comptable-commissaire-aux-comptes-94-93-75-paris-vincennes-3\/temoignages\/\" \/>\n<meta property=\"og:site_name\" content=\"BOUDET &amp; ASSOCI\u00c9S - FIDUC EXPERTS\" \/>\n<meta property=\"article:modified_time\" content=\"2024-04-12T19:30:54+00:00\" \/>\n<meta name=\"twitter:card\" content=\"summary_large_image\" \/>\n<meta name=\"twitter:label1\" content=\"Dur\u00e9e de lecture estim\u00e9e\" \/>\n\t<meta name=\"twitter:data1\" content=\"5 minutes\" \/>\n<script type=\"application\/ld+json\" class=\"yoast-schema-graph\">{\"@context\":\"https:\\\/\\\/schema.org\",\"@graph\":[{\"@type\":\"WebPage\",\"@id\":\"https:\\\/\\\/www.boudet-audit.com\\\/boudet\\\/expert-comptable-commissaire-aux-comptes-94-93-75-paris-vincennes-3\\\/temoignages\\\/\",\"url\":\"https:\\\/\\\/www.boudet-audit.com\\\/boudet\\\/expert-comptable-commissaire-aux-comptes-94-93-75-paris-vincennes-3\\\/temoignages\\\/\",\"name\":\"T\u00e9moignages clients - BOUDET & ASSOCIES - FIDUC EXPERTS\",\"isPartOf\":{\"@id\":\"https:\\\/\\\/www.boudet-audit.com\\\/boudet\\\/#website\"},\"datePublished\":\"2015-09-12T06:29:16+00:00\",\"dateModified\":\"2024-04-12T19:30:54+00:00\",\"description\":\"Quelques t\u00e9moignages de clients que nous accompagnons.\",\"breadcrumb\":{\"@id\":\"https:\\\/\\\/www.boudet-audit.com\\\/boudet\\\/expert-comptable-commissaire-aux-comptes-94-93-75-paris-vincennes-3\\\/temoignages\\\/#breadcrumb\"},\"inLanguage\":\"fr-FR\",\"potentialAction\":[{\"@type\":\"ReadAction\",\"target\":[\"https:\\\/\\\/www.boudet-audit.com\\\/boudet\\\/expert-comptable-commissaire-aux-comptes-94-93-75-paris-vincennes-3\\\/temoignages\\\/\"]}]},{\"@type\":\"BreadcrumbList\",\"@id\":\"https:\\\/\\\/www.boudet-audit.com\\\/boudet\\\/expert-comptable-commissaire-aux-comptes-94-93-75-paris-vincennes-3\\\/temoignages\\\/#breadcrumb\",\"itemListElement\":[{\"@type\":\"ListItem\",\"position\":1,\"name\":\"Accueil\",\"item\":\"https:\\\/\\\/www.boudet-audit.com\\\/boudet\\\/\"},{\"@type\":\"ListItem\",\"position\":2,\"name\":\"ILS NOUS FONT CONFIANCE\",\"item\":\"https:\\\/\\\/www.boudet-audit.com\\\/boudet\\\/expert-comptable-commissaire-aux-comptes-94-93-75-paris-vincennes-3\\\/\"},{\"@type\":\"ListItem\",\"position\":3,\"name\":\"T\u00e9moignages clients\"}]},{\"@type\":\"WebSite\",\"@id\":\"https:\\\/\\\/www.boudet-audit.com\\\/boudet\\\/#website\",\"url\":\"https:\\\/\\\/www.boudet-audit.com\\\/boudet\\\/\",\"name\":\"BOUDET &amp; ASSOCI\u00c9S - FIDUC EXPERTS\",\"description\":\"Commissariat aux comptes &amp; Expertise comptable\",\"publisher\":{\"@id\":\"https:\\\/\\\/www.boudet-audit.com\\\/boudet\\\/#organization\"},\"potentialAction\":[{\"@type\":\"SearchAction\",\"target\":{\"@type\":\"EntryPoint\",\"urlTemplate\":\"https:\\\/\\\/www.boudet-audit.com\\\/boudet\\\/?s={search_term_string}\"},\"query-input\":{\"@type\":\"PropertyValueSpecification\",\"valueRequired\":true,\"valueName\":\"search_term_string\"}}],\"inLanguage\":\"fr-FR\"},{\"@type\":\"Organization\",\"@id\":\"https:\\\/\\\/www.boudet-audit.com\\\/boudet\\\/#organization\",\"name\":\"BOUDET & ASSOCIES - FIDUC EXPERTS\",\"url\":\"https:\\\/\\\/www.boudet-audit.com\\\/boudet\\\/\",\"logo\":{\"@type\":\"ImageObject\",\"inLanguage\":\"fr-FR\",\"@id\":\"https:\\\/\\\/www.boudet-audit.com\\\/boudet\\\/#\\\/schema\\\/logo\\\/image\\\/\",\"url\":\"https:\\\/\\\/www.boudet-audit.com\\\/boudet\\\/wp-content\\\/uploads\\\/2021\\\/01\\\/logo1.jpg\",\"contentUrl\":\"https:\\\/\\\/www.boudet-audit.com\\\/boudet\\\/wp-content\\\/uploads\\\/2021\\\/01\\\/logo1.jpg\",\"width\":800,\"height\":100,\"caption\":\"BOUDET & ASSOCIES - FIDUC EXPERTS\"},\"image\":{\"@id\":\"https:\\\/\\\/www.boudet-audit.com\\\/boudet\\\/#\\\/schema\\\/logo\\\/image\\\/\"}}]}<\/script>\n<!-- \/ Yoast SEO plugin. -->","yoast_head_json":{"title":"T\u00e9moignages clients - BOUDET & ASSOCIES - FIDUC EXPERTS","description":"Quelques t\u00e9moignages de clients que nous accompagnons.","robots":{"index":"index","follow":"follow","max-snippet":"max-snippet:-1","max-image-preview":"max-image-preview:large","max-video-preview":"max-video-preview:-1"},"canonical":"https:\/\/www.boudet-audit.com\/boudet\/expert-comptable-commissaire-aux-comptes-94-93-75-paris-vincennes-3\/temoignages\/","og_locale":"fr_FR","og_type":"article","og_title":"T\u00e9moignages clients - BOUDET & ASSOCIES - FIDUC EXPERTS","og_description":"Quelques t\u00e9moignages de clients que nous accompagnons.","og_url":"https:\/\/www.boudet-audit.com\/boudet\/expert-comptable-commissaire-aux-comptes-94-93-75-paris-vincennes-3\/temoignages\/","og_site_name":"BOUDET &amp; ASSOCI\u00c9S - FIDUC EXPERTS","article_modified_time":"2024-04-12T19:30:54+00:00","twitter_card":"summary_large_image","twitter_misc":{"Dur\u00e9e de lecture estim\u00e9e":"5 minutes"},"schema":{"@context":"https:\/\/schema.org","@graph":[{"@type":"WebPage","@id":"https:\/\/www.boudet-audit.com\/boudet\/expert-comptable-commissaire-aux-comptes-94-93-75-paris-vincennes-3\/temoignages\/","url":"https:\/\/www.boudet-audit.com\/boudet\/expert-comptable-commissaire-aux-comptes-94-93-75-paris-vincennes-3\/temoignages\/","name":"T\u00e9moignages clients - BOUDET & ASSOCIES - FIDUC EXPERTS","isPartOf":{"@id":"https:\/\/www.boudet-audit.com\/boudet\/#website"},"datePublished":"2015-09-12T06:29:16+00:00","dateModified":"2024-04-12T19:30:54+00:00","description":"Quelques t\u00e9moignages de clients que nous accompagnons.","breadcrumb":{"@id":"https:\/\/www.boudet-audit.com\/boudet\/expert-comptable-commissaire-aux-comptes-94-93-75-paris-vincennes-3\/temoignages\/#breadcrumb"},"inLanguage":"fr-FR","potentialAction":[{"@type":"ReadAction","target":["https:\/\/www.boudet-audit.com\/boudet\/expert-comptable-commissaire-aux-comptes-94-93-75-paris-vincennes-3\/temoignages\/"]}]},{"@type":"BreadcrumbList","@id":"https:\/\/www.boudet-audit.com\/boudet\/expert-comptable-commissaire-aux-comptes-94-93-75-paris-vincennes-3\/temoignages\/#breadcrumb","itemListElement":[{"@type":"ListItem","position":1,"name":"Accueil","item":"https:\/\/www.boudet-audit.com\/boudet\/"},{"@type":"ListItem","position":2,"name":"ILS NOUS FONT CONFIANCE","item":"https:\/\/www.boudet-audit.com\/boudet\/expert-comptable-commissaire-aux-comptes-94-93-75-paris-vincennes-3\/"},{"@type":"ListItem","position":3,"name":"T\u00e9moignages clients"}]},{"@type":"WebSite","@id":"https:\/\/www.boudet-audit.com\/boudet\/#website","url":"https:\/\/www.boudet-audit.com\/boudet\/","name":"BOUDET &amp; ASSOCI\u00c9S - FIDUC EXPERTS","description":"Commissariat aux comptes &amp; Expertise comptable","publisher":{"@id":"https:\/\/www.boudet-audit.com\/boudet\/#organization"},"potentialAction":[{"@type":"SearchAction","target":{"@type":"EntryPoint","urlTemplate":"https:\/\/www.boudet-audit.com\/boudet\/?s={search_term_string}"},"query-input":{"@type":"PropertyValueSpecification","valueRequired":true,"valueName":"search_term_string"}}],"inLanguage":"fr-FR"},{"@type":"Organization","@id":"https:\/\/www.boudet-audit.com\/boudet\/#organization","name":"BOUDET & ASSOCIES - FIDUC EXPERTS","url":"https:\/\/www.boudet-audit.com\/boudet\/","logo":{"@type":"ImageObject","inLanguage":"fr-FR","@id":"https:\/\/www.boudet-audit.com\/boudet\/#\/schema\/logo\/image\/","url":"https:\/\/www.boudet-audit.com\/boudet\/wp-content\/uploads\/2021\/01\/logo1.jpg","contentUrl":"https:\/\/www.boudet-audit.com\/boudet\/wp-content\/uploads\/2021\/01\/logo1.jpg","width":800,"height":100,"caption":"BOUDET & ASSOCIES - FIDUC EXPERTS"},"image":{"@id":"https:\/\/www.boudet-audit.com\/boudet\/#\/schema\/logo\/image\/"}}]}},"_links":{"self":[{"href":"https:\/\/www.boudet-audit.com\/boudet\/wp-json\/wp\/v2\/pages\/721","targetHints":{"allow":["GET"]}}],"collection":[{"href":"https:\/\/www.boudet-audit.com\/boudet\/wp-json\/wp\/v2\/pages"}],"about":[{"href":"https:\/\/www.boudet-audit.com\/boudet\/wp-json\/wp\/v2\/types\/page"}],"author":[{"embeddable":true,"href":"https:\/\/www.boudet-audit.com\/boudet\/wp-json\/wp\/v2\/users\/1"}],"replies":[{"embeddable":true,"href":"https:\/\/www.boudet-audit.com\/boudet\/wp-json\/wp\/v2\/comments?post=721"}],"version-history":[{"count":31,"href":"https:\/\/www.boudet-audit.com\/boudet\/wp-json\/wp\/v2\/pages\/721\/revisions"}],"predecessor-version":[{"id":4642,"href":"https:\/\/www.boudet-audit.com\/boudet\/wp-json\/wp\/v2\/pages\/721\/revisions\/4642"}],"up":[{"embeddable":true,"href":"https:\/\/www.boudet-audit.com\/boudet\/wp-json\/wp\/v2\/pages\/710"}],"wp:attachment":[{"href":"https:\/\/www.boudet-audit.com\/boudet\/wp-json\/wp\/v2\/media?parent=721"}],"curies":[{"name":"wp","href":"https:\/\/api.w.org\/{rel}","templated":true}]}}